{"id":46663,"date":"2025-06-18T10:53:58","date_gmt":"2025-06-18T10:53:58","guid":{"rendered":"https:\/\/zl.jewelry\/product\/earrings-transformers-mystery\/"},"modified":"2025-09-26T18:25:05","modified_gmt":"2025-09-26T18:25:05","slug":"earrings-transformers-mystery","status":"publish","type":"product","link":"https:\/\/zl.jewelry\/pl\/product\/earrings-transformers-mystery\/","title":{"rendered":"Kolczyki &#8211; transformers &#8222;Mystery&#8221;"},"content":{"rendered":"<p>Kolczyki Transformer z bia\u0142ego z\u0142ota, rodowane, o wadze 5 gram\u00f3w. 1 mm (4 szt.); 1,26 (16 szt.); 1,4 mm (8 szt.); kamie\u0144 centralny o szlifie gruszkowym. Kamienie mog\u0105 by\u0107 ustawione dowolnie, na \u017cyczenie klienta.<\/p>\n","protected":false},"excerpt":{"rendered":"<p>Kolczyki Transformer z bia\u0142ego z\u0142ota, rodowane, o wadze 5 gram\u00f3w. 1 mm (4 szt.); 1,26 (16 szt.); 1,4 mm (8 szt.); kamie\u0144 centralny o szlifie gruszkowym. Kamienie mog\u0105 by\u0107 ustawione dowolnie, na \u017cyczenie klienta.<\/p>\n","protected":false},"featured_media":46664,"template":"","meta":{"_acf_changed":false},"product_brand":[],"product_cat":[538,542,543,544,546,548,550],"product_tag":[],"class_list":{"0":"post-46663","1":"product","2":"type-product","3":"status-publish","4":"has-post-thumbnail","6":"product_cat-gold-earrings-pl","7":"product_cat-drop-earrings-pl","8":"product_cat-earrings-transformers-pl","9":"product_cat-earrings-from-5gr-pl","10":"product_cat-earrings-with-diamonds-pl","11":"product_cat-earrings-with-stones-pl","12":"product_cat-with-cubic-zirkonia-pl","14":"first","15":"instock","16":"product-type-simple"},"acf":[],"_links":{"self":[{"href":"https:\/\/zl.jewelry\/pl\/wp-json\/wp\/v2\/product\/46663","targetHints":{"allow":["GET"]}}],"collection":[{"href":"https:\/\/zl.jewelry\/pl\/wp-json\/wp\/v2\/product"}],"about":[{"href":"https:\/\/zl.jewelry\/pl\/wp-json\/wp\/v2\/types\/product"}],"wp:featuredmedia":[{"embeddable":true,"href":"https:\/\/zl.jewelry\/pl\/wp-json\/wp\/v2\/media\/46664"}],"wp:attachment":[{"href":"https:\/\/zl.jewelry\/pl\/wp-json\/wp\/v2\/media?parent=46663"}],"wp:term":[{"taxonomy":"product_brand","embeddable":true,"href":"https:\/\/zl.jewelry\/pl\/wp-json\/wp\/v2\/product_brand?post=46663"},{"taxonomy":"product_cat","embeddable":true,"href":"https:\/\/zl.jewelry\/pl\/wp-json\/wp\/v2\/product_cat?post=46663"},{"taxonomy":"product_tag","embeddable":true,"href":"https:\/\/zl.jewelry\/pl\/wp-json\/wp\/v2\/product_tag?post=46663"}],"curies":[{"name":"wp","href":"https:\/\/api.w.org\/{rel}","templated":true}]}}