{"id":46609,"date":"2025-06-18T10:54:08","date_gmt":"2025-06-18T10:54:08","guid":{"rendered":"https:\/\/zl.jewelry\/product\/studs-skulls\/"},"modified":"2025-09-26T18:25:18","modified_gmt":"2025-09-26T18:25:18","slug":"studs-skulls","status":"publish","type":"product","link":"https:\/\/zl.jewelry\/pl\/product\/studs-skulls\/","title":{"rendered":"Poussets  &#8222;Czaszki&#8221;"},"content":{"rendered":"<p>Kolczyki &#8211; puzderka z bia\u0142ego z\u0142ota, w kszta\u0142cie czaszek, waga z\u0142ota 1,8 grama. Wysoko\u015b\u0107 5-6mm. Wstawki z r&oacute;\u017cowych fianit&oacute;w, \u015brednica 1mm. Kolczyki rodowane.<\/p>\n<p>_x000D_<\/p>\n","protected":false},"excerpt":{"rendered":"<p>Kolczyki &#8211; puzderka z bia\u0142ego z\u0142ota, w kszta\u0142cie czaszek, waga z\u0142ota 1,8 grama. Wysoko\u015b\u0107 5-6mm. Wstawki z r&oacute;\u017cowych fianit&oacute;w, \u015brednica 1mm. Kolczyki rodowane. _x000D_<\/p>\n","protected":false},"featured_media":46610,"template":"","meta":{"_acf_changed":false},"product_brand":[],"product_cat":[538,539,545,548,549,550],"product_tag":[],"class_list":{"0":"post-46609","1":"product","2":"type-product","3":"status-publish","4":"has-post-thumbnail","6":"product_cat-gold-earrings-pl","7":"product_cat-baby-pl","8":"product_cat-earrings-up-to-5g-pl","9":"product_cat-earrings-with-stones-pl","10":"product_cat-studs-pl","11":"product_cat-with-cubic-zirkonia-pl","13":"first","14":"instock","15":"product-type-simple"},"acf":[],"_links":{"self":[{"href":"https:\/\/zl.jewelry\/pl\/wp-json\/wp\/v2\/product\/46609","targetHints":{"allow":["GET"]}}],"collection":[{"href":"https:\/\/zl.jewelry\/pl\/wp-json\/wp\/v2\/product"}],"about":[{"href":"https:\/\/zl.jewelry\/pl\/wp-json\/wp\/v2\/types\/product"}],"wp:featuredmedia":[{"embeddable":true,"href":"https:\/\/zl.jewelry\/pl\/wp-json\/wp\/v2\/media\/46610"}],"wp:attachment":[{"href":"https:\/\/zl.jewelry\/pl\/wp-json\/wp\/v2\/media?parent=46609"}],"wp:term":[{"taxonomy":"product_brand","embeddable":true,"href":"https:\/\/zl.jewelry\/pl\/wp-json\/wp\/v2\/product_brand?post=46609"},{"taxonomy":"product_cat","embeddable":true,"href":"https:\/\/zl.jewelry\/pl\/wp-json\/wp\/v2\/product_cat?post=46609"},{"taxonomy":"product_tag","embeddable":true,"href":"https:\/\/zl.jewelry\/pl\/wp-json\/wp\/v2\/product_tag?post=46609"}],"curies":[{"name":"wp","href":"https:\/\/api.w.org\/{rel}","templated":true}]}}