{"id":46575,"date":"2025-06-18T10:54:42","date_gmt":"2025-06-18T10:54:42","guid":{"rendered":"https:\/\/zl.jewelry\/product\/chain-scorpion\/"},"modified":"2025-09-26T18:25:51","modified_gmt":"2025-09-26T18:25:51","slug":"chain-scorpion","status":"publish","type":"product","link":"https:\/\/zl.jewelry\/pl\/product\/chain-scorpion\/","title":{"rendered":"\u0141a\u0144cuch &#8222;Scorpion&#8221;"},"content":{"rendered":"<p>Lataj\u0105cy \u0142a\u0144cuszek z czerwonego z\u0142ota. Na ogniwach \u0142\u0105cz\u0105cych&nbsp; z jednej strony symbol, z drugiej znak zodiaku skorpion, platforma ogniwa pokryta czarn\u0105 emali\u0105. Na bocznych ogniwach wymodelowane wzory.&nbsp; Zamek &#8211; pude\u0142ko z jednym zamkiem. Waga zmienia si\u0119 wraz z rozmiarem. Wz&oacute;r mo\u017ce by\u0107 zmieniony zgodnie z \u017cyczeniem klienta.<\/p>\n<p>_x000D_<\/p>\n","protected":false},"excerpt":{"rendered":"<p>Lataj\u0105cy \u0142a\u0144cuszek z czerwonego z\u0142ota. Na ogniwach \u0142\u0105cz\u0105cych&nbsp; z jednej strony symbol, z drugiej znak zodiaku skorpion, platforma ogniwa pokryta czarn\u0105 emali\u0105. Na bocznych ogniwach wymodelowane wzory.&nbsp; Zamek &#8211; pude\u0142ko z jednym zamkiem. Waga zmienia si\u0119 wraz z rozmiarem. Wz&oacute;r mo\u017ce by\u0107 zmieniony zgodnie z \u017cyczeniem klienta. _x000D_<\/p>\n","protected":false},"featured_media":46576,"template":"","meta":{"_acf_changed":false},"product_brand":[],"product_cat":[493,490,492],"product_tag":[],"class_list":{"0":"post-46575","1":"product","2":"type-product","3":"status-publish","4":"has-post-thumbnail","6":"product_cat-mens-chains-pl","7":"product_cat-gold-chains","8":"product_cat-gold-chain-from-50-gr-pl","10":"first","11":"instock","12":"product-type-simple"},"acf":[],"_links":{"self":[{"href":"https:\/\/zl.jewelry\/pl\/wp-json\/wp\/v2\/product\/46575","targetHints":{"allow":["GET"]}}],"collection":[{"href":"https:\/\/zl.jewelry\/pl\/wp-json\/wp\/v2\/product"}],"about":[{"href":"https:\/\/zl.jewelry\/pl\/wp-json\/wp\/v2\/types\/product"}],"wp:featuredmedia":[{"embeddable":true,"href":"https:\/\/zl.jewelry\/pl\/wp-json\/wp\/v2\/media\/46576"}],"wp:attachment":[{"href":"https:\/\/zl.jewelry\/pl\/wp-json\/wp\/v2\/media?parent=46575"}],"wp:term":[{"taxonomy":"product_brand","embeddable":true,"href":"https:\/\/zl.jewelry\/pl\/wp-json\/wp\/v2\/product_brand?post=46575"},{"taxonomy":"product_cat","embeddable":true,"href":"https:\/\/zl.jewelry\/pl\/wp-json\/wp\/v2\/product_cat?post=46575"},{"taxonomy":"product_tag","embeddable":true,"href":"https:\/\/zl.jewelry\/pl\/wp-json\/wp\/v2\/product_tag?post=46575"}],"curies":[{"name":"wp","href":"https:\/\/api.w.org\/{rel}","templated":true}]}}