{"id":46571,"date":"2025-06-18T10:54:42","date_gmt":"2025-06-18T10:54:42","guid":{"rendered":"https:\/\/zl.jewelry\/product\/chain-combination\/"},"modified":"2025-09-26T18:25:51","modified_gmt":"2025-09-26T18:25:51","slug":"chain-combination","status":"publish","type":"product","link":"https:\/\/zl.jewelry\/pl\/product\/chain-combination\/","title":{"rendered":"\u0141a\u0144cuch &#8222;Po\u0142\u0105czenie&#8221;"},"content":{"rendered":"<p>\u0141a\u0144cuszek z po\u0142\u0105czenia czerwonego i bia\u0142ego z\u0142ota, lataj\u0105cy. Ogniwa przeplataj\u0105 si\u0119 mi\u0119dzy dwoma ogniwami z bia\u0142ego z\u0142ota, rodowanego i dwoma z czerwonego z\u0142ota, z bia\u0142\u0105 z\u0142ot\u0105 wk\u0142adk\u0105 na \u0142a\u0144cuszku. Zapi\u0119cie to sze\u015bciok\u0105tny karabi\u0144czyk w kolorze bia\u0142ego i czerwonego z\u0142ota. Waga r\u00f3\u017cni si\u0119 w zale\u017cno\u015bci od zmiany rozmiaru. Wz\u00f3r mo\u017ce by\u0107 zmieniony zgodnie z \u017cyczeniem klienta.&nbsp;<\/p>\n","protected":false},"excerpt":{"rendered":"<p>\u0141a\u0144cuszek z po\u0142\u0105czenia czerwonego i bia\u0142ego z\u0142ota, lataj\u0105cy. Ogniwa przeplataj\u0105 si\u0119 mi\u0119dzy dwoma ogniwami z bia\u0142ego z\u0142ota, rodowanego i dwoma z czerwonego z\u0142ota, z bia\u0142\u0105 z\u0142ot\u0105 wk\u0142adk\u0105 na \u0142a\u0144cuszku. Zapi\u0119cie to sze\u015bciok\u0105tny karabi\u0144czyk w kolorze bia\u0142ego i czerwonego z\u0142ota. Waga r\u00f3\u017cni si\u0119 w zale\u017cno\u015bci od zmiany rozmiaru. Wz\u00f3r mo\u017ce by\u0107 zmieniony zgodnie z \u017cyczeniem klienta.&nbsp;<\/p>\n","protected":false},"featured_media":46572,"template":"","meta":{"_acf_changed":false},"product_brand":[],"product_cat":[493,490,492],"product_tag":[],"class_list":{"0":"post-46571","1":"product","2":"type-product","3":"status-publish","4":"has-post-thumbnail","6":"product_cat-mens-chains-pl","7":"product_cat-gold-chains","8":"product_cat-gold-chain-from-50-gr-pl","10":"first","11":"instock","12":"product-type-simple"},"acf":[],"_links":{"self":[{"href":"https:\/\/zl.jewelry\/pl\/wp-json\/wp\/v2\/product\/46571","targetHints":{"allow":["GET"]}}],"collection":[{"href":"https:\/\/zl.jewelry\/pl\/wp-json\/wp\/v2\/product"}],"about":[{"href":"https:\/\/zl.jewelry\/pl\/wp-json\/wp\/v2\/types\/product"}],"wp:featuredmedia":[{"embeddable":true,"href":"https:\/\/zl.jewelry\/pl\/wp-json\/wp\/v2\/media\/46572"}],"wp:attachment":[{"href":"https:\/\/zl.jewelry\/pl\/wp-json\/wp\/v2\/media?parent=46571"}],"wp:term":[{"taxonomy":"product_brand","embeddable":true,"href":"https:\/\/zl.jewelry\/pl\/wp-json\/wp\/v2\/product_brand?post=46571"},{"taxonomy":"product_cat","embeddable":true,"href":"https:\/\/zl.jewelry\/pl\/wp-json\/wp\/v2\/product_cat?post=46571"},{"taxonomy":"product_tag","embeddable":true,"href":"https:\/\/zl.jewelry\/pl\/wp-json\/wp\/v2\/product_tag?post=46571"}],"curies":[{"name":"wp","href":"https:\/\/api.w.org\/{rel}","templated":true}]}}