{"id":46569,"date":"2025-06-18T10:54:42","date_gmt":"2025-06-18T10:54:42","guid":{"rendered":"https:\/\/zl.jewelry\/product\/chain-wolves\/"},"modified":"2025-09-26T18:25:50","modified_gmt":"2025-09-26T18:25:50","slug":"chain-wolves","status":"publish","type":"product","link":"https:\/\/zl.jewelry\/pl\/product\/chain-wolves\/","title":{"rendered":"\u0141a\u0144cuch &#8222;Wilki&#8221;"},"content":{"rendered":"<p>\u0141a\u0144cuszek o splocie kotwicy, z czerwonego z\u0142ota. Waga z\u0142ota r\u00f3\u017cni si\u0119 w zale\u017cno\u015bci od d\u0142ugo\u015bci. Zapi\u0119cie to karabi\u0144czyk, zako\u0144czony wilkami, wilki czernione.<\/p>\n","protected":false},"excerpt":{"rendered":"<p>\u0141a\u0144cuszek o splocie kotwicy, z czerwonego z\u0142ota. Waga z\u0142ota r\u00f3\u017cni si\u0119 w zale\u017cno\u015bci od d\u0142ugo\u015bci. Zapi\u0119cie to karabi\u0144czyk, zako\u0144czony wilkami, wilki czernione.<\/p>\n","protected":false},"featured_media":46570,"template":"","meta":{"_acf_changed":false},"product_brand":[],"product_cat":[490,495,493,494],"product_tag":[],"class_list":{"0":"post-46569","1":"product","2":"type-product","3":"status-publish","4":"has-post-thumbnail","6":"product_cat-gold-chains","7":"product_cat-gold-chains-up-to-50-gr-pl","8":"product_cat-mens-chains-pl","9":"product_cat-womens-chains-pl","11":"first","12":"instock","13":"product-type-simple"},"acf":[],"_links":{"self":[{"href":"https:\/\/zl.jewelry\/pl\/wp-json\/wp\/v2\/product\/46569","targetHints":{"allow":["GET"]}}],"collection":[{"href":"https:\/\/zl.jewelry\/pl\/wp-json\/wp\/v2\/product"}],"about":[{"href":"https:\/\/zl.jewelry\/pl\/wp-json\/wp\/v2\/types\/product"}],"wp:featuredmedia":[{"embeddable":true,"href":"https:\/\/zl.jewelry\/pl\/wp-json\/wp\/v2\/media\/46570"}],"wp:attachment":[{"href":"https:\/\/zl.jewelry\/pl\/wp-json\/wp\/v2\/media?parent=46569"}],"wp:term":[{"taxonomy":"product_brand","embeddable":true,"href":"https:\/\/zl.jewelry\/pl\/wp-json\/wp\/v2\/product_brand?post=46569"},{"taxonomy":"product_cat","embeddable":true,"href":"https:\/\/zl.jewelry\/pl\/wp-json\/wp\/v2\/product_cat?post=46569"},{"taxonomy":"product_tag","embeddable":true,"href":"https:\/\/zl.jewelry\/pl\/wp-json\/wp\/v2\/product_tag?post=46569"}],"curies":[{"name":"wp","href":"https:\/\/api.w.org\/{rel}","templated":true}]}}