{"id":46567,"date":"2025-06-18T10:54:42","date_gmt":"2025-06-18T10:54:42","guid":{"rendered":"https:\/\/zl.jewelry\/product\/anchor-chain-with-lock-box\/"},"modified":"2025-09-26T18:25:50","modified_gmt":"2025-09-26T18:25:50","slug":"anchor-chain-with-lock-box","status":"publish","type":"product","link":"https:\/\/zl.jewelry\/pl\/product\/anchor-chain-with-lock-box\/","title":{"rendered":"\u0141a\u0144cuch kotwiczny z zamkiem skrzynkowym"},"content":{"rendered":"<p>\u0141a\u0144cuch kotwiczny w kolorze czerwonego z\u0142ota. Pude\u0142ko z dwoma zamkami. Waga z\u0142ota zale\u017cy od d\u0142ugo\u015bci elementu.<\/p>\n","protected":false},"excerpt":{"rendered":"<p>\u0141a\u0144cuch kotwiczny w kolorze czerwonego z\u0142ota. Pude\u0142ko z dwoma zamkami. Waga z\u0142ota zale\u017cy od d\u0142ugo\u015bci elementu.<\/p>\n","protected":false},"featured_media":46568,"template":"","meta":{"_acf_changed":false},"product_brand":[],"product_cat":[493,490,492],"product_tag":[],"class_list":{"0":"post-46567","1":"product","2":"type-product","3":"status-publish","4":"has-post-thumbnail","6":"product_cat-mens-chains-pl","7":"product_cat-gold-chains","8":"product_cat-gold-chain-from-50-gr-pl","10":"first","11":"instock","12":"product-type-simple"},"acf":[],"_links":{"self":[{"href":"https:\/\/zl.jewelry\/pl\/wp-json\/wp\/v2\/product\/46567","targetHints":{"allow":["GET"]}}],"collection":[{"href":"https:\/\/zl.jewelry\/pl\/wp-json\/wp\/v2\/product"}],"about":[{"href":"https:\/\/zl.jewelry\/pl\/wp-json\/wp\/v2\/types\/product"}],"wp:featuredmedia":[{"embeddable":true,"href":"https:\/\/zl.jewelry\/pl\/wp-json\/wp\/v2\/media\/46568"}],"wp:attachment":[{"href":"https:\/\/zl.jewelry\/pl\/wp-json\/wp\/v2\/media?parent=46567"}],"wp:term":[{"taxonomy":"product_brand","embeddable":true,"href":"https:\/\/zl.jewelry\/pl\/wp-json\/wp\/v2\/product_brand?post=46567"},{"taxonomy":"product_cat","embeddable":true,"href":"https:\/\/zl.jewelry\/pl\/wp-json\/wp\/v2\/product_cat?post=46567"},{"taxonomy":"product_tag","embeddable":true,"href":"https:\/\/zl.jewelry\/pl\/wp-json\/wp\/v2\/product_tag?post=46567"}],"curies":[{"name":"wp","href":"https:\/\/api.w.org\/{rel}","templated":true}]}}