{"id":46565,"date":"2025-06-18T10:54:42","date_gmt":"2025-06-18T10:54:42","guid":{"rendered":"https:\/\/zl.jewelry\/product\/chain-symbol-of-courage\/"},"modified":"2025-09-26T18:25:50","modified_gmt":"2025-09-26T18:25:50","slug":"chain-symbol-of-courage","status":"publish","type":"product","link":"https:\/\/zl.jewelry\/pl\/product\/chain-symbol-of-courage\/","title":{"rendered":"\u0141a\u0144cuszek &#8222;Symbol odwagi&#8221;"},"content":{"rendered":"<p>\u0141a\u0144cuszek w kolorze czerwonego z\u0142ota, r\u0119cznie pleciony, o splocie kotwicy, z ko\u0144c\u00f3wkami w kszta\u0142cie smoka. Waga mo\u017ce ulec zmianie. Wz\u00f3r mo\u017ce zosta\u0107 zmieniony zgodnie z \u017cyczeniem klienta.&nbsp;<\/p>\n","protected":false},"excerpt":{"rendered":"<p>\u0141a\u0144cuszek w kolorze czerwonego z\u0142ota, r\u0119cznie pleciony, o splocie kotwicy, z ko\u0144c\u00f3wkami w kszta\u0142cie smoka. Waga mo\u017ce ulec zmianie. Wz\u00f3r mo\u017ce zosta\u0107 zmieniony zgodnie z \u017cyczeniem klienta.&nbsp;<\/p>\n","protected":false},"featured_media":46566,"template":"","meta":{"_acf_changed":false},"product_brand":[],"product_cat":[490,495,493,494],"product_tag":[],"class_list":{"0":"post-46565","1":"product","2":"type-product","3":"status-publish","4":"has-post-thumbnail","6":"product_cat-gold-chains","7":"product_cat-gold-chains-up-to-50-gr-pl","8":"product_cat-mens-chains-pl","9":"product_cat-womens-chains-pl","11":"first","12":"instock","13":"product-type-simple"},"acf":[],"_links":{"self":[{"href":"https:\/\/zl.jewelry\/pl\/wp-json\/wp\/v2\/product\/46565","targetHints":{"allow":["GET"]}}],"collection":[{"href":"https:\/\/zl.jewelry\/pl\/wp-json\/wp\/v2\/product"}],"about":[{"href":"https:\/\/zl.jewelry\/pl\/wp-json\/wp\/v2\/types\/product"}],"wp:featuredmedia":[{"embeddable":true,"href":"https:\/\/zl.jewelry\/pl\/wp-json\/wp\/v2\/media\/46566"}],"wp:attachment":[{"href":"https:\/\/zl.jewelry\/pl\/wp-json\/wp\/v2\/media?parent=46565"}],"wp:term":[{"taxonomy":"product_brand","embeddable":true,"href":"https:\/\/zl.jewelry\/pl\/wp-json\/wp\/v2\/product_brand?post=46565"},{"taxonomy":"product_cat","embeddable":true,"href":"https:\/\/zl.jewelry\/pl\/wp-json\/wp\/v2\/product_cat?post=46565"},{"taxonomy":"product_tag","embeddable":true,"href":"https:\/\/zl.jewelry\/pl\/wp-json\/wp\/v2\/product_tag?post=46565"}],"curies":[{"name":"wp","href":"https:\/\/api.w.org\/{rel}","templated":true}]}}