{"id":46563,"date":"2025-06-18T10:54:42","date_gmt":"2025-06-18T10:54:42","guid":{"rendered":"https:\/\/zl.jewelry\/product\/chain-blanche\/"},"modified":"2025-09-26T18:25:50","modified_gmt":"2025-09-26T18:25:50","slug":"chain-blanche","status":"publish","type":"product","link":"https:\/\/zl.jewelry\/pl\/product\/chain-blanche\/","title":{"rendered":"\u0141a\u0144cuszek &#8222;Blanche&#8221;"},"content":{"rendered":"<p>\u0141a\u0144cuszek w kolorze cytrynowego z\u0142ota, waga zale\u017cy od d\u0142ugo\u015bci elementu. Czarna emalia na ogniwach. Zamek skrzynkowy z dwoma urz\u0105dzeniami blokuj\u0105cymi.<\/p>\n","protected":false},"excerpt":{"rendered":"<p>\u0141a\u0144cuszek w kolorze cytrynowego z\u0142ota, waga zale\u017cy od d\u0142ugo\u015bci elementu. Czarna emalia na ogniwach. Zamek skrzynkowy z dwoma urz\u0105dzeniami blokuj\u0105cymi.<\/p>\n","protected":false},"featured_media":61280,"template":"","meta":{"_acf_changed":false},"product_brand":[],"product_cat":[490,492,493],"product_tag":[],"class_list":{"0":"post-46563","1":"product","2":"type-product","3":"status-publish","4":"has-post-thumbnail","6":"product_cat-gold-chains","7":"product_cat-gold-chain-from-50-gr-pl","8":"product_cat-mens-chains-pl","10":"first","11":"instock","12":"product-type-simple"},"acf":[],"_links":{"self":[{"href":"https:\/\/zl.jewelry\/pl\/wp-json\/wp\/v2\/product\/46563","targetHints":{"allow":["GET"]}}],"collection":[{"href":"https:\/\/zl.jewelry\/pl\/wp-json\/wp\/v2\/product"}],"about":[{"href":"https:\/\/zl.jewelry\/pl\/wp-json\/wp\/v2\/types\/product"}],"wp:featuredmedia":[{"embeddable":true,"href":"https:\/\/zl.jewelry\/pl\/wp-json\/wp\/v2\/media\/61280"}],"wp:attachment":[{"href":"https:\/\/zl.jewelry\/pl\/wp-json\/wp\/v2\/media?parent=46563"}],"wp:term":[{"taxonomy":"product_brand","embeddable":true,"href":"https:\/\/zl.jewelry\/pl\/wp-json\/wp\/v2\/product_brand?post=46563"},{"taxonomy":"product_cat","embeddable":true,"href":"https:\/\/zl.jewelry\/pl\/wp-json\/wp\/v2\/product_cat?post=46563"},{"taxonomy":"product_tag","embeddable":true,"href":"https:\/\/zl.jewelry\/pl\/wp-json\/wp\/v2\/product_tag?post=46563"}],"curies":[{"name":"wp","href":"https:\/\/api.w.org\/{rel}","templated":true}]}}