{"id":46561,"date":"2025-06-18T10:54:42","date_gmt":"2025-06-18T10:54:42","guid":{"rendered":"https:\/\/zl.jewelry\/product\/chain-five-prayers\/"},"modified":"2025-09-26T18:25:49","modified_gmt":"2025-09-26T18:25:49","slug":"chain-five-prayers","status":"publish","type":"product","link":"https:\/\/zl.jewelry\/pl\/product\/chain-five-prayers\/","title":{"rendered":"\u0141a\u0144cuszek &#8222;Pi\u0119\u0107 modlitw&#8221;"},"content":{"rendered":"<p>Lataj\u0105cy \u0142a\u0144cuszek w kolorze czerwonego z\u0142ota, z wstawkami z modlitwami. Zamek to pude\u0142ko o okr\u0105g\u0142ym kszta\u0142cie, z wzorem wstawek \u0142a\u0144cuszka. Waga zmienia si\u0119 w zale\u017cno\u015bci od zmiany rozmiaru. Wz\u00f3r mo\u017cna zmieni\u0107 zgodnie z \u017cyczeniem klienta.&nbsp;<\/p>\n","protected":false},"excerpt":{"rendered":"<p>Lataj\u0105cy \u0142a\u0144cuszek w kolorze czerwonego z\u0142ota, z wstawkami z modlitwami. Zamek to pude\u0142ko o okr\u0105g\u0142ym kszta\u0142cie, z wzorem wstawek \u0142a\u0144cuszka. Waga zmienia si\u0119 w zale\u017cno\u015bci od zmiany rozmiaru. Wz\u00f3r mo\u017cna zmieni\u0107 zgodnie z \u017cyczeniem klienta.&nbsp;<\/p>\n","protected":false},"featured_media":46562,"template":"","meta":{"_acf_changed":false},"product_brand":[],"product_cat":[490,492,493],"product_tag":[],"class_list":{"0":"post-46561","1":"product","2":"type-product","3":"status-publish","4":"has-post-thumbnail","6":"product_cat-gold-chains","7":"product_cat-gold-chain-from-50-gr-pl","8":"product_cat-mens-chains-pl","10":"first","11":"instock","12":"product-type-simple"},"acf":[],"_links":{"self":[{"href":"https:\/\/zl.jewelry\/pl\/wp-json\/wp\/v2\/product\/46561","targetHints":{"allow":["GET"]}}],"collection":[{"href":"https:\/\/zl.jewelry\/pl\/wp-json\/wp\/v2\/product"}],"about":[{"href":"https:\/\/zl.jewelry\/pl\/wp-json\/wp\/v2\/types\/product"}],"wp:featuredmedia":[{"embeddable":true,"href":"https:\/\/zl.jewelry\/pl\/wp-json\/wp\/v2\/media\/46562"}],"wp:attachment":[{"href":"https:\/\/zl.jewelry\/pl\/wp-json\/wp\/v2\/media?parent=46561"}],"wp:term":[{"taxonomy":"product_brand","embeddable":true,"href":"https:\/\/zl.jewelry\/pl\/wp-json\/wp\/v2\/product_brand?post=46561"},{"taxonomy":"product_cat","embeddable":true,"href":"https:\/\/zl.jewelry\/pl\/wp-json\/wp\/v2\/product_cat?post=46561"},{"taxonomy":"product_tag","embeddable":true,"href":"https:\/\/zl.jewelry\/pl\/wp-json\/wp\/v2\/product_tag?post=46561"}],"curies":[{"name":"wp","href":"https:\/\/api.w.org\/{rel}","templated":true}]}}