{"id":46559,"date":"2025-06-18T10:54:42","date_gmt":"2025-06-18T10:54:42","guid":{"rendered":"https:\/\/zl.jewelry\/product\/chain-aliada\/"},"modified":"2025-09-26T18:25:49","modified_gmt":"2025-09-26T18:25:49","slug":"chain-aliada","status":"publish","type":"product","link":"https:\/\/zl.jewelry\/pl\/product\/chain-aliada\/","title":{"rendered":"\u0141a\u0144cuszek &#8222;Aliada&#8221;"},"content":{"rendered":"<p>R\u0119cznie tkany \u0142a\u0144cuszek &quot;Bismarck&quot; w kolorze czerwonego z\u0142ota. Zamkni\u0119cie to pude\u0142ko z dwoma zamkami. Waga zale\u017cy od wielko\u015bci bi\u017cuterii. Wz&oacute;r mo\u017ce zosta\u0107 zmieniony na \u017cyczenie klienta.&nbsp;<\/p>\n<p>_x000D_<\/p>\n","protected":false},"excerpt":{"rendered":"<p>R\u0119cznie tkany \u0142a\u0144cuszek &quot;Bismarck&quot; w kolorze czerwonego z\u0142ota. Zamkni\u0119cie to pude\u0142ko z dwoma zamkami. Waga zale\u017cy od wielko\u015bci bi\u017cuterii. Wz&oacute;r mo\u017ce zosta\u0107 zmieniony na \u017cyczenie klienta.&nbsp; _x000D_<\/p>\n","protected":false},"featured_media":46560,"template":"","meta":{"_acf_changed":false},"product_brand":[],"product_cat":[490,495,493,494],"product_tag":[],"class_list":{"0":"post-46559","1":"product","2":"type-product","3":"status-publish","4":"has-post-thumbnail","6":"product_cat-gold-chains","7":"product_cat-gold-chains-up-to-50-gr-pl","8":"product_cat-mens-chains-pl","9":"product_cat-womens-chains-pl","11":"first","12":"instock","13":"product-type-simple"},"acf":[],"_links":{"self":[{"href":"https:\/\/zl.jewelry\/pl\/wp-json\/wp\/v2\/product\/46559","targetHints":{"allow":["GET"]}}],"collection":[{"href":"https:\/\/zl.jewelry\/pl\/wp-json\/wp\/v2\/product"}],"about":[{"href":"https:\/\/zl.jewelry\/pl\/wp-json\/wp\/v2\/types\/product"}],"wp:featuredmedia":[{"embeddable":true,"href":"https:\/\/zl.jewelry\/pl\/wp-json\/wp\/v2\/media\/46560"}],"wp:attachment":[{"href":"https:\/\/zl.jewelry\/pl\/wp-json\/wp\/v2\/media?parent=46559"}],"wp:term":[{"taxonomy":"product_brand","embeddable":true,"href":"https:\/\/zl.jewelry\/pl\/wp-json\/wp\/v2\/product_brand?post=46559"},{"taxonomy":"product_cat","embeddable":true,"href":"https:\/\/zl.jewelry\/pl\/wp-json\/wp\/v2\/product_cat?post=46559"},{"taxonomy":"product_tag","embeddable":true,"href":"https:\/\/zl.jewelry\/pl\/wp-json\/wp\/v2\/product_tag?post=46559"}],"curies":[{"name":"wp","href":"https:\/\/api.w.org\/{rel}","templated":true}]}}