{"id":46557,"date":"2025-06-18T10:54:42","date_gmt":"2025-06-18T10:54:42","guid":{"rendered":"https:\/\/zl.jewelry\/product\/chain-artel\/"},"modified":"2025-09-26T18:25:49","modified_gmt":"2025-09-26T18:25:49","slug":"chain-artel","status":"publish","type":"product","link":"https:\/\/zl.jewelry\/pl\/product\/chain-artel\/","title":{"rendered":"\u0141a\u0144cuszek &#8222;Artel&#8221;"},"content":{"rendered":"<p>Klasyczny, r\u0119cznie tkany \u0142a\u0144cuszek &quot;Bismarck&quot; w kolorze czerwonego z\u0142ota. Pude\u0142ko z jednym zamkiem. Waga jest proporcjonalna do d\u0142ugo\u015bci. Wz&oacute;r mo\u017ce by\u0107 zmieniony zgodnie z \u017cyczeniem klienta.<\/p>\n<p>_x000D_<\/p>\n","protected":false},"excerpt":{"rendered":"<p>Klasyczny, r\u0119cznie tkany \u0142a\u0144cuszek &quot;Bismarck&quot; w kolorze czerwonego z\u0142ota. Pude\u0142ko z jednym zamkiem. Waga jest proporcjonalna do d\u0142ugo\u015bci. Wz&oacute;r mo\u017ce by\u0107 zmieniony zgodnie z \u017cyczeniem klienta. _x000D_<\/p>\n","protected":false},"featured_media":46558,"template":"","meta":{"_acf_changed":false},"product_brand":[],"product_cat":[490,491,495,493,494],"product_tag":[],"class_list":{"0":"post-46557","1":"product","2":"type-product","3":"status-publish","4":"has-post-thumbnail","6":"product_cat-gold-chains","7":"product_cat-chains-for-children-pl","8":"product_cat-gold-chains-up-to-50-gr-pl","9":"product_cat-mens-chains-pl","10":"product_cat-womens-chains-pl","12":"first","13":"instock","14":"product-type-simple"},"acf":[],"_links":{"self":[{"href":"https:\/\/zl.jewelry\/pl\/wp-json\/wp\/v2\/product\/46557","targetHints":{"allow":["GET"]}}],"collection":[{"href":"https:\/\/zl.jewelry\/pl\/wp-json\/wp\/v2\/product"}],"about":[{"href":"https:\/\/zl.jewelry\/pl\/wp-json\/wp\/v2\/types\/product"}],"wp:featuredmedia":[{"embeddable":true,"href":"https:\/\/zl.jewelry\/pl\/wp-json\/wp\/v2\/media\/46558"}],"wp:attachment":[{"href":"https:\/\/zl.jewelry\/pl\/wp-json\/wp\/v2\/media?parent=46557"}],"wp:term":[{"taxonomy":"product_brand","embeddable":true,"href":"https:\/\/zl.jewelry\/pl\/wp-json\/wp\/v2\/product_brand?post=46557"},{"taxonomy":"product_cat","embeddable":true,"href":"https:\/\/zl.jewelry\/pl\/wp-json\/wp\/v2\/product_cat?post=46557"},{"taxonomy":"product_tag","embeddable":true,"href":"https:\/\/zl.jewelry\/pl\/wp-json\/wp\/v2\/product_tag?post=46557"}],"curies":[{"name":"wp","href":"https:\/\/api.w.org\/{rel}","templated":true}]}}