{"id":46547,"date":"2025-06-18T10:54:42","date_gmt":"2025-06-18T10:54:42","guid":{"rendered":"https:\/\/zl.jewelry\/product\/chain-courage-victory-strength\/"},"modified":"2025-09-26T18:25:48","modified_gmt":"2025-09-26T18:25:48","slug":"chain-courage-victory-strength","status":"publish","type":"product","link":"https:\/\/zl.jewelry\/pl\/product\/chain-courage-victory-strength\/","title":{"rendered":"\u0141a\u0144cuch &#8222;M\u0119stwo, Zwyci\u0119stwo, Si\u0142a&#8221;."},"content":{"rendered":"<p>\u0141a\u0144cuszek w kolorze czerwonego z\u0142ota, typu mucha. Ogniwa wzorzyste i zako\u0144czone w kszta\u0142cie smoka, na ko\u0144cu \u0142a\u0144cuszka zapi\u0119cie typu box, g\u0142adkie, z pojedynczym zamkiem. Waga zmienia si\u0119 wraz ze zmian\u0105 rozmiaru. Wz\u00f3r mo\u017ce by\u0107 zmieniony zgodnie z \u017cyczeniem klienta.&nbsp;<\/p>\n","protected":false},"excerpt":{"rendered":"<p>\u0141a\u0144cuszek w kolorze czerwonego z\u0142ota, typu mucha. Ogniwa wzorzyste i zako\u0144czone w kszta\u0142cie smoka, na ko\u0144cu \u0142a\u0144cuszka zapi\u0119cie typu box, g\u0142adkie, z pojedynczym zamkiem. Waga zmienia si\u0119 wraz ze zmian\u0105 rozmiaru. Wz\u00f3r mo\u017ce by\u0107 zmieniony zgodnie z \u017cyczeniem klienta.&nbsp;<\/p>\n","protected":false},"featured_media":46548,"template":"","meta":{"_acf_changed":false},"product_brand":[],"product_cat":[490,495,493],"product_tag":[],"class_list":{"0":"post-46547","1":"product","2":"type-product","3":"status-publish","4":"has-post-thumbnail","6":"product_cat-gold-chains","7":"product_cat-gold-chains-up-to-50-gr-pl","8":"product_cat-mens-chains-pl","10":"first","11":"instock","12":"product-type-simple"},"acf":[],"_links":{"self":[{"href":"https:\/\/zl.jewelry\/pl\/wp-json\/wp\/v2\/product\/46547","targetHints":{"allow":["GET"]}}],"collection":[{"href":"https:\/\/zl.jewelry\/pl\/wp-json\/wp\/v2\/product"}],"about":[{"href":"https:\/\/zl.jewelry\/pl\/wp-json\/wp\/v2\/types\/product"}],"wp:featuredmedia":[{"embeddable":true,"href":"https:\/\/zl.jewelry\/pl\/wp-json\/wp\/v2\/media\/46548"}],"wp:attachment":[{"href":"https:\/\/zl.jewelry\/pl\/wp-json\/wp\/v2\/media?parent=46547"}],"wp:term":[{"taxonomy":"product_brand","embeddable":true,"href":"https:\/\/zl.jewelry\/pl\/wp-json\/wp\/v2\/product_brand?post=46547"},{"taxonomy":"product_cat","embeddable":true,"href":"https:\/\/zl.jewelry\/pl\/wp-json\/wp\/v2\/product_cat?post=46547"},{"taxonomy":"product_tag","embeddable":true,"href":"https:\/\/zl.jewelry\/pl\/wp-json\/wp\/v2\/product_tag?post=46547"}],"curies":[{"name":"wp","href":"https:\/\/api.w.org\/{rel}","templated":true}]}}