{"id":46545,"date":"2025-06-18T10:54:42","date_gmt":"2025-06-18T10:54:42","guid":{"rendered":"https:\/\/zl.jewelry\/product\/anchor-chain-figured\/"},"modified":"2025-09-26T18:25:48","modified_gmt":"2025-09-26T18:25:48","slug":"anchor-chain-figured","status":"publish","type":"product","link":"https:\/\/zl.jewelry\/pl\/product\/anchor-chain-figured\/","title":{"rendered":"Kszta\u0142towany \u0142a\u0144cuch kotwiczny"},"content":{"rendered":"<p>Pleciony \u0142a\u0144cuch &quot;New Anchor&quot;, lataj\u0105cy \u0142a\u0144cuch w kolorze czerwonego z\u0142ota. Zamek to pude\u0142ko z dwoma zamkami. Wz\u00f3r mo\u017cna zmieni\u0107 zgodnie z \u017cyczeniem klienta. Waga zmienia si\u0119 w zale\u017cno\u015bci od rozmiaru.&nbsp;&nbsp;<\/p>\n","protected":false},"excerpt":{"rendered":"<p>Pleciony \u0142a\u0144cuch &quot;New Anchor&quot;, lataj\u0105cy \u0142a\u0144cuch w kolorze czerwonego z\u0142ota. Zamek to pude\u0142ko z dwoma zamkami. Wz\u00f3r mo\u017cna zmieni\u0107 zgodnie z \u017cyczeniem klienta. Waga zmienia si\u0119 w zale\u017cno\u015bci od rozmiaru.&nbsp;&nbsp;<\/p>\n","protected":false},"featured_media":46546,"template":"","meta":{"_acf_changed":false},"product_brand":[],"product_cat":[490,492,493],"product_tag":[],"class_list":{"0":"post-46545","1":"product","2":"type-product","3":"status-publish","4":"has-post-thumbnail","6":"product_cat-gold-chains","7":"product_cat-gold-chain-from-50-gr-pl","8":"product_cat-mens-chains-pl","10":"first","11":"instock","12":"product-type-simple"},"acf":[],"_links":{"self":[{"href":"https:\/\/zl.jewelry\/pl\/wp-json\/wp\/v2\/product\/46545","targetHints":{"allow":["GET"]}}],"collection":[{"href":"https:\/\/zl.jewelry\/pl\/wp-json\/wp\/v2\/product"}],"about":[{"href":"https:\/\/zl.jewelry\/pl\/wp-json\/wp\/v2\/types\/product"}],"wp:featuredmedia":[{"embeddable":true,"href":"https:\/\/zl.jewelry\/pl\/wp-json\/wp\/v2\/media\/46546"}],"wp:attachment":[{"href":"https:\/\/zl.jewelry\/pl\/wp-json\/wp\/v2\/media?parent=46545"}],"wp:term":[{"taxonomy":"product_brand","embeddable":true,"href":"https:\/\/zl.jewelry\/pl\/wp-json\/wp\/v2\/product_brand?post=46545"},{"taxonomy":"product_cat","embeddable":true,"href":"https:\/\/zl.jewelry\/pl\/wp-json\/wp\/v2\/product_cat?post=46545"},{"taxonomy":"product_tag","embeddable":true,"href":"https:\/\/zl.jewelry\/pl\/wp-json\/wp\/v2\/product_tag?post=46545"}],"curies":[{"name":"wp","href":"https:\/\/api.w.org\/{rel}","templated":true}]}}