{"id":46543,"date":"2025-06-18T10:54:42","date_gmt":"2025-06-18T10:54:42","guid":{"rendered":"https:\/\/zl.jewelry\/product\/chain-save-with-save\/"},"modified":"2025-09-26T18:25:48","modified_gmt":"2025-09-26T18:25:48","slug":"chain-save-with-save","status":"publish","type":"product","link":"https:\/\/zl.jewelry\/pl\/product\/chain-save-with-save\/","title":{"rendered":"\u0141a\u0144cuch &#8222;Save and Preserve&#8221;"},"content":{"rendered":"<p>\u0141a\u0144cuszek o splocie kotwicy w kolorze czerwonego z\u0142ota. Zamek to pude\u0142ko z dwoma zamkami i rodowan\u0105 nak\u0142adk\u0105 z bia\u0142ego z\u0142ota. Na nak\u0142adce grawer &quot;Save and Preserve&quot; a na drugiej &quot;1000&quot; na \u017cyczenie klienta. Waga z\u0142ota&nbsp;&nbsp;zale\u017cy od wielko\u015bci w bi\u017cuterii. Wz\u00f3r bi\u017cuterii mo\u017ce by\u0107 zmieniony zgodnie z \u017cyczeniem klienta.<\/p>\n","protected":false},"excerpt":{"rendered":"<p>\u0141a\u0144cuszek o splocie kotwicy w kolorze czerwonego z\u0142ota. Zamek to pude\u0142ko z dwoma zamkami i rodowan\u0105 nak\u0142adk\u0105 z bia\u0142ego z\u0142ota. Na nak\u0142adce grawer &quot;Save and Preserve&quot; a na drugiej &quot;1000&quot; na \u017cyczenie klienta. Waga z\u0142ota&nbsp;&nbsp;zale\u017cy od wielko\u015bci w bi\u017cuterii. Wz\u00f3r bi\u017cuterii mo\u017ce by\u0107 zmieniony zgodnie z \u017cyczeniem klienta.<\/p>\n","protected":false},"featured_media":46544,"template":"","meta":{"_acf_changed":false},"product_brand":[],"product_cat":[490,492,493],"product_tag":[],"class_list":{"0":"post-46543","1":"product","2":"type-product","3":"status-publish","4":"has-post-thumbnail","6":"product_cat-gold-chains","7":"product_cat-gold-chain-from-50-gr-pl","8":"product_cat-mens-chains-pl","10":"first","11":"instock","12":"product-type-simple"},"acf":[],"_links":{"self":[{"href":"https:\/\/zl.jewelry\/pl\/wp-json\/wp\/v2\/product\/46543","targetHints":{"allow":["GET"]}}],"collection":[{"href":"https:\/\/zl.jewelry\/pl\/wp-json\/wp\/v2\/product"}],"about":[{"href":"https:\/\/zl.jewelry\/pl\/wp-json\/wp\/v2\/types\/product"}],"wp:featuredmedia":[{"embeddable":true,"href":"https:\/\/zl.jewelry\/pl\/wp-json\/wp\/v2\/media\/46544"}],"wp:attachment":[{"href":"https:\/\/zl.jewelry\/pl\/wp-json\/wp\/v2\/media?parent=46543"}],"wp:term":[{"taxonomy":"product_brand","embeddable":true,"href":"https:\/\/zl.jewelry\/pl\/wp-json\/wp\/v2\/product_brand?post=46543"},{"taxonomy":"product_cat","embeddable":true,"href":"https:\/\/zl.jewelry\/pl\/wp-json\/wp\/v2\/product_cat?post=46543"},{"taxonomy":"product_tag","embeddable":true,"href":"https:\/\/zl.jewelry\/pl\/wp-json\/wp\/v2\/product_tag?post=46543"}],"curies":[{"name":"wp","href":"https:\/\/api.w.org\/{rel}","templated":true}]}}