{"id":46541,"date":"2025-06-18T10:54:42","date_gmt":"2025-06-18T10:54:42","guid":{"rendered":"https:\/\/zl.jewelry\/product\/chain-charlotte\/"},"modified":"2025-09-26T18:25:47","modified_gmt":"2025-09-26T18:25:47","slug":"chain-charlotte","status":"publish","type":"product","link":"https:\/\/zl.jewelry\/pl\/product\/chain-charlotte\/","title":{"rendered":"Sie\u0107 &#8222;Charlotte&#8221;."},"content":{"rendered":"<p>R\u0119cznie pleciony \u0142a\u0144cuszek &quot;Charlotte&quot;. \u0141a\u0144cuszek wykonany jest z czerwonego z\u0142ota, zapi\u0119cie to pude\u0142ko z jednym zamkiem. Waga jest skorelowana z rozmiarem \u0142a\u0144cuszka.&nbsp;&nbsp;<\/p>\n<p>_x000D_<\/p>\n","protected":false},"excerpt":{"rendered":"<p>R\u0119cznie pleciony \u0142a\u0144cuszek &quot;Charlotte&quot;. \u0141a\u0144cuszek wykonany jest z czerwonego z\u0142ota, zapi\u0119cie to pude\u0142ko z jednym zamkiem. Waga jest skorelowana z rozmiarem \u0142a\u0144cuszka.&nbsp;&nbsp; _x000D_<\/p>\n","protected":false},"featured_media":46542,"template":"","meta":{"_acf_changed":false},"product_brand":[],"product_cat":[490,495,493,494],"product_tag":[],"class_list":{"0":"post-46541","1":"product","2":"type-product","3":"status-publish","4":"has-post-thumbnail","6":"product_cat-gold-chains","7":"product_cat-gold-chains-up-to-50-gr-pl","8":"product_cat-mens-chains-pl","9":"product_cat-womens-chains-pl","11":"first","12":"instock","13":"product-type-simple"},"acf":[],"_links":{"self":[{"href":"https:\/\/zl.jewelry\/pl\/wp-json\/wp\/v2\/product\/46541","targetHints":{"allow":["GET"]}}],"collection":[{"href":"https:\/\/zl.jewelry\/pl\/wp-json\/wp\/v2\/product"}],"about":[{"href":"https:\/\/zl.jewelry\/pl\/wp-json\/wp\/v2\/types\/product"}],"wp:featuredmedia":[{"embeddable":true,"href":"https:\/\/zl.jewelry\/pl\/wp-json\/wp\/v2\/media\/46542"}],"wp:attachment":[{"href":"https:\/\/zl.jewelry\/pl\/wp-json\/wp\/v2\/media?parent=46541"}],"wp:term":[{"taxonomy":"product_brand","embeddable":true,"href":"https:\/\/zl.jewelry\/pl\/wp-json\/wp\/v2\/product_brand?post=46541"},{"taxonomy":"product_cat","embeddable":true,"href":"https:\/\/zl.jewelry\/pl\/wp-json\/wp\/v2\/product_cat?post=46541"},{"taxonomy":"product_tag","embeddable":true,"href":"https:\/\/zl.jewelry\/pl\/wp-json\/wp\/v2\/product_tag?post=46541"}],"curies":[{"name":"wp","href":"https:\/\/api.w.org\/{rel}","templated":true}]}}