{"id":46539,"date":"2025-06-18T10:54:42","date_gmt":"2025-06-18T10:54:42","guid":{"rendered":"https:\/\/zl.jewelry\/product\/bayfoot-chain\/"},"modified":"2025-09-26T18:25:47","modified_gmt":"2025-09-26T18:25:47","slug":"bayfoot-chain","status":"publish","type":"product","link":"https:\/\/zl.jewelry\/pl\/product\/bayfoot-chain\/","title":{"rendered":"\u0141a\u0144cuch &#8222;Bayfoot&#8221;"},"content":{"rendered":"<p>R\u0119cznie pleciony \u0142a\u0144cuszek &quot;Shell&quot; w kolorze czerwonego z\u0142ota. Zamek to pude\u0142ko z dwoma zamkami. Waga zale\u017cy od rozmiaru. Wz&oacute;r mo\u017ce zosta\u0107 zmieniony na \u017cyczenie klienta.&nbsp;<\/p>\n<p>_x000D_<\/p>\n","protected":false},"excerpt":{"rendered":"<p>R\u0119cznie pleciony \u0142a\u0144cuszek &quot;Shell&quot; w kolorze czerwonego z\u0142ota. Zamek to pude\u0142ko z dwoma zamkami. Waga zale\u017cy od rozmiaru. Wz&oacute;r mo\u017ce zosta\u0107 zmieniony na \u017cyczenie klienta.&nbsp; _x000D_<\/p>\n","protected":false},"featured_media":46540,"template":"","meta":{"_acf_changed":false},"product_brand":[],"product_cat":[493,490,492],"product_tag":[],"class_list":{"0":"post-46539","1":"product","2":"type-product","3":"status-publish","4":"has-post-thumbnail","6":"product_cat-mens-chains-pl","7":"product_cat-gold-chains","8":"product_cat-gold-chain-from-50-gr-pl","10":"first","11":"instock","12":"product-type-simple"},"acf":[],"_links":{"self":[{"href":"https:\/\/zl.jewelry\/pl\/wp-json\/wp\/v2\/product\/46539","targetHints":{"allow":["GET"]}}],"collection":[{"href":"https:\/\/zl.jewelry\/pl\/wp-json\/wp\/v2\/product"}],"about":[{"href":"https:\/\/zl.jewelry\/pl\/wp-json\/wp\/v2\/types\/product"}],"wp:featuredmedia":[{"embeddable":true,"href":"https:\/\/zl.jewelry\/pl\/wp-json\/wp\/v2\/media\/46540"}],"wp:attachment":[{"href":"https:\/\/zl.jewelry\/pl\/wp-json\/wp\/v2\/media?parent=46539"}],"wp:term":[{"taxonomy":"product_brand","embeddable":true,"href":"https:\/\/zl.jewelry\/pl\/wp-json\/wp\/v2\/product_brand?post=46539"},{"taxonomy":"product_cat","embeddable":true,"href":"https:\/\/zl.jewelry\/pl\/wp-json\/wp\/v2\/product_cat?post=46539"},{"taxonomy":"product_tag","embeddable":true,"href":"https:\/\/zl.jewelry\/pl\/wp-json\/wp\/v2\/product_tag?post=46539"}],"curies":[{"name":"wp","href":"https:\/\/api.w.org\/{rel}","templated":true}]}}