{"id":46529,"date":"2025-06-18T10:54:48","date_gmt":"2025-06-18T10:54:48","guid":{"rendered":"https:\/\/zl.jewelry\/product\/ladanka-george-the-victorious\/"},"modified":"2025-09-26T18:25:56","modified_gmt":"2025-09-26T18:25:56","slug":"ladanka-george-the-victorious","status":"publish","type":"product","link":"https:\/\/zl.jewelry\/pl\/product\/ladanka-george-the-victorious\/","title":{"rendered":"Kadzid\u0142o &#8222;\u015awi\u0119ty Jerzy Zwyci\u0119zca&#8221;"},"content":{"rendered":"<p>Ladanka w cytrynowym z\u0142ocie, podstawa pokryta niello. Waga w stosunku do wymiar\u00f3w, przy przybli\u017conej ca\u0142kowitej wysoko\u015bci ozdoby 30 mm, waga z\u0142ota 5,12 grama. Na przedniej stronie w centrum znajduje si\u0119 wizerunek Jerzego Zwyci\u0119zcy, na tylnej stronie w centrum znajduje si\u0119 krzy\u017c. Ucho na przedniej stronie w formie krzy\u017ca. Wymiary i wz\u00f3r mog\u0105 by\u0107 modyfikowane na \u017cyczenie klienta.<\/p>\n","protected":false},"excerpt":{"rendered":"<p>Ladanka w cytrynowym z\u0142ocie, podstawa pokryta niello. Waga w stosunku do wymiar\u00f3w, przy przybli\u017conej ca\u0142kowitej wysoko\u015bci ozdoby 30 mm, waga z\u0142ota 5,12 grama. Na przedniej stronie w centrum znajduje si\u0119 wizerunek Jerzego Zwyci\u0119zcy, na tylnej stronie w centrum znajduje si\u0119 krzy\u017c. Ucho na przedniej stronie w formie krzy\u017ca. Wymiary i wz\u00f3r mog\u0105 by\u0107 modyfikowane na&#8230;<\/p>\n","protected":false},"featured_media":46530,"template":"","meta":{"_acf_changed":false},"product_brand":[],"product_cat":[500,501],"product_tag":[],"class_list":{"0":"post-46529","1":"product","2":"type-product","3":"status-publish","4":"has-post-thumbnail","6":"product_cat-golden-icons-pl","7":"product_cat-baby-icons-pl","9":"first","10":"instock","11":"product-type-simple"},"acf":[],"_links":{"self":[{"href":"https:\/\/zl.jewelry\/pl\/wp-json\/wp\/v2\/product\/46529","targetHints":{"allow":["GET"]}}],"collection":[{"href":"https:\/\/zl.jewelry\/pl\/wp-json\/wp\/v2\/product"}],"about":[{"href":"https:\/\/zl.jewelry\/pl\/wp-json\/wp\/v2\/types\/product"}],"wp:featuredmedia":[{"embeddable":true,"href":"https:\/\/zl.jewelry\/pl\/wp-json\/wp\/v2\/media\/46530"}],"wp:attachment":[{"href":"https:\/\/zl.jewelry\/pl\/wp-json\/wp\/v2\/media?parent=46529"}],"wp:term":[{"taxonomy":"product_brand","embeddable":true,"href":"https:\/\/zl.jewelry\/pl\/wp-json\/wp\/v2\/product_brand?post=46529"},{"taxonomy":"product_cat","embeddable":true,"href":"https:\/\/zl.jewelry\/pl\/wp-json\/wp\/v2\/product_cat?post=46529"},{"taxonomy":"product_tag","embeddable":true,"href":"https:\/\/zl.jewelry\/pl\/wp-json\/wp\/v2\/product_tag?post=46529"}],"curies":[{"name":"wp","href":"https:\/\/api.w.org\/{rel}","templated":true}]}}