{"id":46517,"date":"2025-06-18T10:54:48","date_gmt":"2025-06-18T10:54:48","guid":{"rendered":"https:\/\/zl.jewelry\/product\/ladanka-holy-patterns\/"},"modified":"2025-09-26T18:25:54","modified_gmt":"2025-09-26T18:25:54","slug":"ladanka-holy-patterns","status":"publish","type":"product","link":"https:\/\/zl.jewelry\/pl\/product\/ladanka-holy-patterns\/","title":{"rendered":"Kadzid\u0142o &#8222;\u015awi\u0119te Wzory&#8221;"},"content":{"rendered":"","protected":false},"excerpt":{"rendered":"","protected":false},"featured_media":46518,"template":"","meta":{"_acf_changed":false},"product_brand":[],"product_cat":[500,503],"product_tag":[],"class_list":{"0":"post-46517","1":"product","2":"type-product","3":"status-publish","4":"has-post-thumbnail","6":"product_cat-golden-icons-pl","7":"product_cat-with-stones-pl","9":"first","10":"instock","11":"product-type-simple"},"acf":[],"_links":{"self":[{"href":"https:\/\/zl.jewelry\/pl\/wp-json\/wp\/v2\/product\/46517","targetHints":{"allow":["GET"]}}],"collection":[{"href":"https:\/\/zl.jewelry\/pl\/wp-json\/wp\/v2\/product"}],"about":[{"href":"https:\/\/zl.jewelry\/pl\/wp-json\/wp\/v2\/types\/product"}],"wp:featuredmedia":[{"embeddable":true,"href":"https:\/\/zl.jewelry\/pl\/wp-json\/wp\/v2\/media\/46518"}],"wp:attachment":[{"href":"https:\/\/zl.jewelry\/pl\/wp-json\/wp\/v2\/media?parent=46517"}],"wp:term":[{"taxonomy":"product_brand","embeddable":true,"href":"https:\/\/zl.jewelry\/pl\/wp-json\/wp\/v2\/product_brand?post=46517"},{"taxonomy":"product_cat","embeddable":true,"href":"https:\/\/zl.jewelry\/pl\/wp-json\/wp\/v2\/product_cat?post=46517"},{"taxonomy":"product_tag","embeddable":true,"href":"https:\/\/zl.jewelry\/pl\/wp-json\/wp\/v2\/product_tag?post=46517"}],"curies":[{"name":"wp","href":"https:\/\/api.w.org\/{rel}","templated":true}]}}