{"id":46511,"date":"2025-06-18T10:54:48","date_gmt":"2025-06-18T10:54:48","guid":{"rendered":"https:\/\/zl.jewelry\/product\/icon-holy-mother-of-god\/"},"modified":"2025-09-26T18:25:54","modified_gmt":"2025-09-26T18:25:54","slug":"icon-holy-mother-of-god","status":"publish","type":"product","link":"https:\/\/zl.jewelry\/pl\/product\/icon-holy-mother-of-god\/","title":{"rendered":"Ikona &#8222;\u015awi\u0119ta Bo\u017ca Rodzicielka&#8221;"},"content":{"rendered":"","protected":false},"excerpt":{"rendered":"","protected":false},"featured_media":35767,"template":"","meta":{"_acf_changed":false},"product_brand":[],"product_cat":[500,502],"product_tag":[],"class_list":{"0":"post-46511","1":"product","2":"type-product","3":"status-publish","4":"has-post-thumbnail","6":"product_cat-golden-icons-pl","7":"product_cat-on-an-ebony-tree-pl","9":"first","10":"instock","11":"product-type-simple"},"acf":[],"_links":{"self":[{"href":"https:\/\/zl.jewelry\/pl\/wp-json\/wp\/v2\/product\/46511","targetHints":{"allow":["GET"]}}],"collection":[{"href":"https:\/\/zl.jewelry\/pl\/wp-json\/wp\/v2\/product"}],"about":[{"href":"https:\/\/zl.jewelry\/pl\/wp-json\/wp\/v2\/types\/product"}],"wp:featuredmedia":[{"embeddable":true,"href":"https:\/\/zl.jewelry\/pl\/wp-json\/wp\/v2\/media\/35767"}],"wp:attachment":[{"href":"https:\/\/zl.jewelry\/pl\/wp-json\/wp\/v2\/media?parent=46511"}],"wp:term":[{"taxonomy":"product_brand","embeddable":true,"href":"https:\/\/zl.jewelry\/pl\/wp-json\/wp\/v2\/product_brand?post=46511"},{"taxonomy":"product_cat","embeddable":true,"href":"https:\/\/zl.jewelry\/pl\/wp-json\/wp\/v2\/product_cat?post=46511"},{"taxonomy":"product_tag","embeddable":true,"href":"https:\/\/zl.jewelry\/pl\/wp-json\/wp\/v2\/product_tag?post=46511"}],"curies":[{"name":"wp","href":"https:\/\/api.w.org\/{rel}","templated":true}]}}