{"id":46497,"date":"2025-06-18T10:54:53","date_gmt":"2025-06-18T10:54:53","guid":{"rendered":"https:\/\/zl.jewelry\/product\/suspension-light-of-the-sun\/"},"modified":"2025-09-26T18:26:02","modified_gmt":"2025-09-26T18:26:02","slug":"suspension-light-of-the-sun","status":"publish","type":"product","link":"https:\/\/zl.jewelry\/pl\/product\/suspension-light-of-the-sun\/","title":{"rendered":"Wisiorek &#8222;\u015awiat\u0142o S\u0142o\u0144ca&#8221;"},"content":{"rendered":"<p>Wisiorek w po\u0142\u0105czeniu czerwonego i bia\u0142ego z\u0142ota. Waga zale\u017cy od rozmiaru wisiorka, przy \u015brednicy 3,5 cm waga wynosi 7,50 grama. Okr\u0105g\u0142a ramka i p\u0142omie\u0144 ognia z czerwonego z\u0142ota i symbol z bia\u0142ego z\u0142ota, rodowany.<\/p>\n","protected":false},"excerpt":{"rendered":"<p>Wisiorek w po\u0142\u0105czeniu czerwonego i bia\u0142ego z\u0142ota. Waga zale\u017cy od rozmiaru wisiorka, przy \u015brednicy 3,5 cm waga wynosi 7,50 grama. Okr\u0105g\u0142a ramka i p\u0142omie\u0144 ognia z czerwonego z\u0142ota i symbol z bia\u0142ego z\u0142ota, rodowany.<\/p>\n","protected":false},"featured_media":46498,"template":"","meta":{"_acf_changed":false},"product_brand":[],"product_cat":[563,568],"product_tag":[],"class_list":{"0":"post-46497","1":"product","2":"type-product","3":"status-publish","4":"has-post-thumbnail","6":"product_cat-gold-pendants-pl","7":"product_cat-without-inserts-2-pl","9":"first","10":"instock","11":"product-type-simple"},"acf":[],"_links":{"self":[{"href":"https:\/\/zl.jewelry\/pl\/wp-json\/wp\/v2\/product\/46497","targetHints":{"allow":["GET"]}}],"collection":[{"href":"https:\/\/zl.jewelry\/pl\/wp-json\/wp\/v2\/product"}],"about":[{"href":"https:\/\/zl.jewelry\/pl\/wp-json\/wp\/v2\/types\/product"}],"wp:featuredmedia":[{"embeddable":true,"href":"https:\/\/zl.jewelry\/pl\/wp-json\/wp\/v2\/media\/46498"}],"wp:attachment":[{"href":"https:\/\/zl.jewelry\/pl\/wp-json\/wp\/v2\/media?parent=46497"}],"wp:term":[{"taxonomy":"product_brand","embeddable":true,"href":"https:\/\/zl.jewelry\/pl\/wp-json\/wp\/v2\/product_brand?post=46497"},{"taxonomy":"product_cat","embeddable":true,"href":"https:\/\/zl.jewelry\/pl\/wp-json\/wp\/v2\/product_cat?post=46497"},{"taxonomy":"product_tag","embeddable":true,"href":"https:\/\/zl.jewelry\/pl\/wp-json\/wp\/v2\/product_tag?post=46497"}],"curies":[{"name":"wp","href":"https:\/\/api.w.org\/{rel}","templated":true}]}}