{"id":46477,"date":"2025-06-18T10:54:53","date_gmt":"2025-06-18T10:54:53","guid":{"rendered":"https:\/\/zl.jewelry\/product\/pendant-trident-falcon\/"},"modified":"2025-09-26T18:26:00","modified_gmt":"2025-09-26T18:26:00","slug":"pendant-trident-falcon","status":"publish","type":"product","link":"https:\/\/zl.jewelry\/pl\/product\/pendant-trident-falcon\/","title":{"rendered":"Wisiorek &#8222;Tr\u00f3jz\u0105b Soko\u0142a&#8221;"},"content":{"rendered":"<p>Wisiorek z bia\u0142ego z\u0142ota pokrytego rodem. Waga zale\u017cy od rozmiaru. \u015arednica wisiorka ok. 3 cm, w okr\u0119gu wymodelowane runy, w centrum jastrz\u0105b. Na oku wstawka &#8211; kmen, \u015brednica 1,6mm, mo\u017ce by\u0107 osadzony dowolny na \u017cyczenie klienta. Na rewersie wymodelowane napisy &quot;Honor&quot;, &quot;Wola&quot;, &quot;Krew&quot;.&nbsp;.;<\/p>\n<p>_x000D_<\/p>\n","protected":false},"excerpt":{"rendered":"<p>Wisiorek z bia\u0142ego z\u0142ota pokrytego rodem. Waga zale\u017cy od rozmiaru. \u015arednica wisiorka ok. 3 cm, w okr\u0119gu wymodelowane runy, w centrum jastrz\u0105b. Na oku wstawka &#8211; kmen, \u015brednica 1,6mm, mo\u017ce by\u0107 osadzony dowolny na \u017cyczenie klienta. Na rewersie wymodelowane napisy &quot;Honor&quot;, &quot;Wola&quot;, &quot;Krew&quot;.&nbsp;.; _x000D_<\/p>\n","protected":false},"featured_media":46478,"template":"","meta":{"_acf_changed":false},"product_brand":[],"product_cat":[567,566,570,563],"product_tag":[],"class_list":{"0":"post-46477","1":"product","2":"type-product","3":"status-publish","4":"has-post-thumbnail","6":"product_cat-with-diamonds-2-pl","7":"product_cat-with-cubic-zirconia-2-pl","8":"product_cat-with-rocks-2-pl","9":"product_cat-gold-pendants-pl","11":"first","12":"instock","13":"product-type-simple"},"acf":[],"_links":{"self":[{"href":"https:\/\/zl.jewelry\/pl\/wp-json\/wp\/v2\/product\/46477","targetHints":{"allow":["GET"]}}],"collection":[{"href":"https:\/\/zl.jewelry\/pl\/wp-json\/wp\/v2\/product"}],"about":[{"href":"https:\/\/zl.jewelry\/pl\/wp-json\/wp\/v2\/types\/product"}],"wp:featuredmedia":[{"embeddable":true,"href":"https:\/\/zl.jewelry\/pl\/wp-json\/wp\/v2\/media\/46478"}],"wp:attachment":[{"href":"https:\/\/zl.jewelry\/pl\/wp-json\/wp\/v2\/media?parent=46477"}],"wp:term":[{"taxonomy":"product_brand","embeddable":true,"href":"https:\/\/zl.jewelry\/pl\/wp-json\/wp\/v2\/product_brand?post=46477"},{"taxonomy":"product_cat","embeddable":true,"href":"https:\/\/zl.jewelry\/pl\/wp-json\/wp\/v2\/product_cat?post=46477"},{"taxonomy":"product_tag","embeddable":true,"href":"https:\/\/zl.jewelry\/pl\/wp-json\/wp\/v2\/product_tag?post=46477"}],"curies":[{"name":"wp","href":"https:\/\/api.w.org\/{rel}","templated":true}]}}