{"id":46471,"date":"2025-06-18T10:54:53","date_gmt":"2025-06-18T10:54:53","guid":{"rendered":"https:\/\/zl.jewelry\/product\/ring-northern-star\/"},"modified":"2025-09-26T18:25:59","modified_gmt":"2025-09-26T18:25:59","slug":"ring-northern-star","status":"publish","type":"product","link":"https:\/\/zl.jewelry\/pl\/product\/ring-northern-star\/","title":{"rendered":"Pier\u015bcionek  &#8222;Gwiazd\u0105 P\u00f3\u0142nocn\u0105&#8221;"},"content":{"rendered":"","protected":false},"excerpt":{"rendered":"","protected":false},"featured_media":46472,"template":"","meta":{"_acf_changed":false},"product_brand":[],"product_cat":[528,536,537,535,534],"product_tag":[],"class_list":{"0":"post-46471","1":"product","2":"type-product","3":"status-publish","4":"has-post-thumbnail","6":"product_cat-wedding-rings-pl","7":"product_cat-white-gold-wedding-rings-pl","8":"product_cat-with-rocks-4-pl","9":"product_cat-wedding-rings-with-diamonds-pl","10":"product_cat-transformer-pl","12":"first","13":"instock","14":"product-type-simple"},"acf":[],"_links":{"self":[{"href":"https:\/\/zl.jewelry\/pl\/wp-json\/wp\/v2\/product\/46471","targetHints":{"allow":["GET"]}}],"collection":[{"href":"https:\/\/zl.jewelry\/pl\/wp-json\/wp\/v2\/product"}],"about":[{"href":"https:\/\/zl.jewelry\/pl\/wp-json\/wp\/v2\/types\/product"}],"wp:featuredmedia":[{"embeddable":true,"href":"https:\/\/zl.jewelry\/pl\/wp-json\/wp\/v2\/media\/46472"}],"wp:attachment":[{"href":"https:\/\/zl.jewelry\/pl\/wp-json\/wp\/v2\/media?parent=46471"}],"wp:term":[{"taxonomy":"product_brand","embeddable":true,"href":"https:\/\/zl.jewelry\/pl\/wp-json\/wp\/v2\/product_brand?post=46471"},{"taxonomy":"product_cat","embeddable":true,"href":"https:\/\/zl.jewelry\/pl\/wp-json\/wp\/v2\/product_cat?post=46471"},{"taxonomy":"product_tag","embeddable":true,"href":"https:\/\/zl.jewelry\/pl\/wp-json\/wp\/v2\/product_tag?post=46471"}],"curies":[{"name":"wp","href":"https:\/\/api.w.org\/{rel}","templated":true}]}}