{"id":46459,"date":"2025-06-18T10:54:53","date_gmt":"2025-06-18T10:54:53","guid":{"rendered":"https:\/\/zl.jewelry\/product\/ladanka-wonderworker\/"},"modified":"2025-09-26T18:25:58","modified_gmt":"2025-09-26T18:25:58","slug":"ladanka-wonderworker","status":"publish","type":"product","link":"https:\/\/zl.jewelry\/pl\/product\/ladanka-wonderworker\/","title":{"rendered":"Kadzid\u0142owiec &#8222;Cudotw\u00f3rca&#8221;"},"content":{"rendered":"<p>Ikona jest w kolorze czerwonego z\u0142ota, pokryta czarn\u0105 emali\u0105. Waga w stosunku do wymiar\u00f3w, przy przybli\u017conej wysoko\u015bci ikony bez ucha 25 mm, waga z\u0142ota 7,19 grama. Na przedniej stronie wizerunek Miko\u0142aja Cudotw\u00f3rcy, na tylnej stronie w centrum napis &quot;Save and Preserve&quot;<\/p>\n","protected":false},"excerpt":{"rendered":"<p>Ikona jest w kolorze czerwonego z\u0142ota, pokryta czarn\u0105 emali\u0105. Waga w stosunku do wymiar\u00f3w, przy przybli\u017conej wysoko\u015bci ikony bez ucha 25 mm, waga z\u0142ota 7,19 grama. Na przedniej stronie wizerunek Miko\u0142aja Cudotw\u00f3rcy, na tylnej stronie w centrum napis &quot;Save and Preserve&quot;<\/p>\n","protected":false},"featured_media":46460,"template":"","meta":{"_acf_changed":false},"product_brand":[],"product_cat":[500,503],"product_tag":[],"class_list":{"0":"post-46459","1":"product","2":"type-product","3":"status-publish","4":"has-post-thumbnail","6":"product_cat-golden-icons-pl","7":"product_cat-with-stones-pl","9":"first","10":"instock","11":"product-type-simple"},"acf":[],"_links":{"self":[{"href":"https:\/\/zl.jewelry\/pl\/wp-json\/wp\/v2\/product\/46459","targetHints":{"allow":["GET"]}}],"collection":[{"href":"https:\/\/zl.jewelry\/pl\/wp-json\/wp\/v2\/product"}],"about":[{"href":"https:\/\/zl.jewelry\/pl\/wp-json\/wp\/v2\/types\/product"}],"wp:featuredmedia":[{"embeddable":true,"href":"https:\/\/zl.jewelry\/pl\/wp-json\/wp\/v2\/media\/46460"}],"wp:attachment":[{"href":"https:\/\/zl.jewelry\/pl\/wp-json\/wp\/v2\/media?parent=46459"}],"wp:term":[{"taxonomy":"product_brand","embeddable":true,"href":"https:\/\/zl.jewelry\/pl\/wp-json\/wp\/v2\/product_brand?post=46459"},{"taxonomy":"product_cat","embeddable":true,"href":"https:\/\/zl.jewelry\/pl\/wp-json\/wp\/v2\/product_cat?post=46459"},{"taxonomy":"product_tag","embeddable":true,"href":"https:\/\/zl.jewelry\/pl\/wp-json\/wp\/v2\/product_tag?post=46459"}],"curies":[{"name":"wp","href":"https:\/\/api.w.org\/{rel}","templated":true}]}}