{"id":46440,"date":"2025-06-18T10:54:58","date_gmt":"2025-06-18T10:54:58","guid":{"rendered":"https:\/\/zl.jewelry\/product\/wedding-rings-surf\/"},"modified":"2025-09-26T18:26:07","modified_gmt":"2025-09-26T18:26:07","slug":"wedding-rings-surf","status":"publish","type":"product","link":"https:\/\/zl.jewelry\/pl\/product\/wedding-rings-surf\/","title":{"rendered":"Obr\u0105czki \u015blubne &#8222;Surf&#8221;"},"content":{"rendered":"<p>Pier\u015bcionki zar\u0119czynowe z bia\u0142ego z\u0142ota pokrytego rodem. Waga bi\u017cuterii zr\u00f3\u017cnicowana w zale\u017cno\u015bci od rozmiaru. Szeroko\u015b\u0107 obr\u0105czki od 5,5 mm.&nbsp; Obr\u0105czki o oryginalnym wzorze, podzielone po przek\u0105tnej, jedna cz\u0119\u015b\u0107 bia\u0142a klasyczna, druga cz\u0119\u015b\u0107 obr\u0105czek z wzorem w formie fal.&nbsp;<\/p>\n","protected":false},"excerpt":{"rendered":"<p>Pier\u015bcionki zar\u0119czynowe z bia\u0142ego z\u0142ota pokrytego rodem. Waga bi\u017cuterii zr\u00f3\u017cnicowana w zale\u017cno\u015bci od rozmiaru. Szeroko\u015b\u0107 obr\u0105czki od 5,5 mm.&nbsp; Obr\u0105czki o oryginalnym wzorze, podzielone po przek\u0105tnej, jedna cz\u0119\u015b\u0107 bia\u0142a klasyczna, druga cz\u0119\u015b\u0107 obr\u0105czek z wzorem w formie fal.&nbsp;<\/p>\n","protected":false},"featured_media":46441,"template":"","meta":{"_acf_changed":false},"product_brand":[],"product_cat":[528,536],"product_tag":[],"class_list":{"0":"post-46440","1":"product","2":"type-product","3":"status-publish","4":"has-post-thumbnail","6":"product_cat-wedding-rings-pl","7":"product_cat-white-gold-wedding-rings-pl","9":"first","10":"instock","11":"product-type-simple"},"acf":[],"_links":{"self":[{"href":"https:\/\/zl.jewelry\/pl\/wp-json\/wp\/v2\/product\/46440","targetHints":{"allow":["GET"]}}],"collection":[{"href":"https:\/\/zl.jewelry\/pl\/wp-json\/wp\/v2\/product"}],"about":[{"href":"https:\/\/zl.jewelry\/pl\/wp-json\/wp\/v2\/types\/product"}],"wp:featuredmedia":[{"embeddable":true,"href":"https:\/\/zl.jewelry\/pl\/wp-json\/wp\/v2\/media\/46441"}],"wp:attachment":[{"href":"https:\/\/zl.jewelry\/pl\/wp-json\/wp\/v2\/media?parent=46440"}],"wp:term":[{"taxonomy":"product_brand","embeddable":true,"href":"https:\/\/zl.jewelry\/pl\/wp-json\/wp\/v2\/product_brand?post=46440"},{"taxonomy":"product_cat","embeddable":true,"href":"https:\/\/zl.jewelry\/pl\/wp-json\/wp\/v2\/product_cat?post=46440"},{"taxonomy":"product_tag","embeddable":true,"href":"https:\/\/zl.jewelry\/pl\/wp-json\/wp\/v2\/product_tag?post=46440"}],"curies":[{"name":"wp","href":"https:\/\/api.w.org\/{rel}","templated":true}]}}