{"id":46438,"date":"2025-06-18T10:54:58","date_gmt":"2025-06-18T10:54:58","guid":{"rendered":"https:\/\/zl.jewelry\/product\/wedding-rings-cache\/"},"modified":"2025-09-26T18:26:07","modified_gmt":"2025-09-26T18:26:07","slug":"wedding-rings-cache","status":"publish","type":"product","link":"https:\/\/zl.jewelry\/pl\/product\/wedding-rings-cache\/","title":{"rendered":"Obr\u0105czka \u015blubna &#8222;Stash&#8221;"},"content":{"rendered":"<p>Pier\u015bcionki zar\u0119czynowe z bia\u0142ego i cytrynowego z\u0142ota. W formie ameryka\u0144skiego pier\u015bcionka, ale z opraw\u0105 z cytrynowego z\u0142ota. Podstawa z bia\u0142ego z\u0142ota pokrytego rodem. Napis na wk\u0142adce wymodelowany na ko\u0144cu. Szeroko\u015b\u0107 obr\u0105czek jest na \u017cyczenie klienta, w tym modelu szeroko\u015b\u0107 damskiej obr\u0105czki to 4mm, natomiast szeroko\u015b\u0107 cytrynowej wstawki to 2mm, szeroko\u015b\u0107 m\u0119skiej obr\u0105czki to 7mm, natomiast szeroko\u015b\u0107 cytrynowej wstawki to 3mm. Grubo\u015b\u0107 obr\u0105czek wynosi 1,8 mm. Waga mo\u017ce si\u0119 r&oacute;\u017cni\u0107 w zale\u017cno\u015bci od rozmiaru.<\/p>\n<p>_x000D_<\/p>\n","protected":false},"excerpt":{"rendered":"<p>Pier\u015bcionki zar\u0119czynowe z bia\u0142ego i cytrynowego z\u0142ota. W formie ameryka\u0144skiego pier\u015bcionka, ale z opraw\u0105 z cytrynowego z\u0142ota. Podstawa z bia\u0142ego z\u0142ota pokrytego rodem. Napis na wk\u0142adce wymodelowany na ko\u0144cu. Szeroko\u015b\u0107 obr\u0105czek jest na \u017cyczenie klienta, w tym modelu szeroko\u015b\u0107 damskiej obr\u0105czki to 4mm, natomiast szeroko\u015b\u0107 cytrynowej wstawki to 2mm, szeroko\u015b\u0107 m\u0119skiej obr\u0105czki to 7mm, natomiast&#8230;<\/p>\n","protected":false},"featured_media":46439,"template":"","meta":{"_acf_changed":false},"product_brand":[],"product_cat":[528,530],"product_tag":[],"class_list":{"0":"post-46438","1":"product","2":"type-product","3":"status-publish","4":"has-post-thumbnail","6":"product_cat-wedding-rings-pl","7":"product_cat-combined-wedding-rings-pl","9":"first","10":"instock","11":"product-type-simple"},"acf":[],"_links":{"self":[{"href":"https:\/\/zl.jewelry\/pl\/wp-json\/wp\/v2\/product\/46438","targetHints":{"allow":["GET"]}}],"collection":[{"href":"https:\/\/zl.jewelry\/pl\/wp-json\/wp\/v2\/product"}],"about":[{"href":"https:\/\/zl.jewelry\/pl\/wp-json\/wp\/v2\/types\/product"}],"wp:featuredmedia":[{"embeddable":true,"href":"https:\/\/zl.jewelry\/pl\/wp-json\/wp\/v2\/media\/46439"}],"wp:attachment":[{"href":"https:\/\/zl.jewelry\/pl\/wp-json\/wp\/v2\/media?parent=46438"}],"wp:term":[{"taxonomy":"product_brand","embeddable":true,"href":"https:\/\/zl.jewelry\/pl\/wp-json\/wp\/v2\/product_brand?post=46438"},{"taxonomy":"product_cat","embeddable":true,"href":"https:\/\/zl.jewelry\/pl\/wp-json\/wp\/v2\/product_cat?post=46438"},{"taxonomy":"product_tag","embeddable":true,"href":"https:\/\/zl.jewelry\/pl\/wp-json\/wp\/v2\/product_tag?post=46438"}],"curies":[{"name":"wp","href":"https:\/\/api.w.org\/{rel}","templated":true}]}}