{"id":46434,"date":"2025-06-18T10:54:58","date_gmt":"2025-06-18T10:54:58","guid":{"rendered":"https:\/\/zl.jewelry\/product\/engagement-ring-winters-tale\/"},"modified":"2025-09-26T18:26:06","modified_gmt":"2025-09-26T18:26:06","slug":"engagement-ring-winters-tale","status":"publish","type":"product","link":"https:\/\/zl.jewelry\/pl\/product\/engagement-ring-winters-tale\/","title":{"rendered":"Pier\u015bcionek zar\u0119czynowy &#8222;Zimowa bajka&#8221;"},"content":{"rendered":"<p>Pier\u015bcionek zar\u0119czynowy z rodowanego bia\u0142ego z\u0142ota. Waga r&oacute;\u017cni si\u0119 w zale\u017cno\u015bci od rozmiaru, przy rozmiarze 15,5 waga z\u0142ota w pier\u015bcionku wynosi 5,56. Pier\u015bcionek z osadzonymi kamieniami, \u015brednica&nbsp; 10x8mm; 2.00mm(18szt); 5&#215;2.5mm (4szt). Kamienie mog\u0105 by\u0107 osadzone dowolnie, na \u017cyczenie klienta.<\/p>\n<p>_x000D_<\/p>\n","protected":false},"excerpt":{"rendered":"<p>Pier\u015bcionek zar\u0119czynowy z rodowanego bia\u0142ego z\u0142ota. Waga r&oacute;\u017cni si\u0119 w zale\u017cno\u015bci od rozmiaru, przy rozmiarze 15,5 waga z\u0142ota w pier\u015bcionku wynosi 5,56. Pier\u015bcionek z osadzonymi kamieniami, \u015brednica&nbsp; 10x8mm; 2.00mm(18szt); 5&#215;2.5mm (4szt). Kamienie mog\u0105 by\u0107 osadzone dowolnie, na \u017cyczenie klienta. _x000D_<\/p>\n","protected":false},"featured_media":46435,"template":"","meta":{"_acf_changed":false},"product_brand":[],"product_cat":[520,519,522,514],"product_tag":[],"class_list":{"0":"post-46434","1":"product","2":"type-product","3":"status-publish","4":"has-post-thumbnail","6":"product_cat-white-gold-rings-pl","7":"product_cat-rings-with-diamonds-pl","8":"product_cat-with-rocks-pl","9":"product_cat-golden-rings-pl","11":"first","12":"instock","13":"product-type-simple"},"acf":[],"_links":{"self":[{"href":"https:\/\/zl.jewelry\/pl\/wp-json\/wp\/v2\/product\/46434","targetHints":{"allow":["GET"]}}],"collection":[{"href":"https:\/\/zl.jewelry\/pl\/wp-json\/wp\/v2\/product"}],"about":[{"href":"https:\/\/zl.jewelry\/pl\/wp-json\/wp\/v2\/types\/product"}],"wp:featuredmedia":[{"embeddable":true,"href":"https:\/\/zl.jewelry\/pl\/wp-json\/wp\/v2\/media\/46435"}],"wp:attachment":[{"href":"https:\/\/zl.jewelry\/pl\/wp-json\/wp\/v2\/media?parent=46434"}],"wp:term":[{"taxonomy":"product_brand","embeddable":true,"href":"https:\/\/zl.jewelry\/pl\/wp-json\/wp\/v2\/product_brand?post=46434"},{"taxonomy":"product_cat","embeddable":true,"href":"https:\/\/zl.jewelry\/pl\/wp-json\/wp\/v2\/product_cat?post=46434"},{"taxonomy":"product_tag","embeddable":true,"href":"https:\/\/zl.jewelry\/pl\/wp-json\/wp\/v2\/product_tag?post=46434"}],"curies":[{"name":"wp","href":"https:\/\/api.w.org\/{rel}","templated":true}]}}