{"id":46428,"date":"2025-06-18T10:54:58","date_gmt":"2025-06-18T10:54:58","guid":{"rendered":"https:\/\/zl.jewelry\/product\/signet-engine\/"},"modified":"2025-09-26T18:26:06","modified_gmt":"2025-09-26T18:26:06","slug":"signet-engine","status":"publish","type":"product","link":"https:\/\/zl.jewelry\/pl\/product\/signet-engine\/","title":{"rendered":"Pier\u015bcie\u0144 &#8222;Silnik&#8221;"},"content":{"rendered":"<p>M\u0119ski pier\u015bcionek w kombinacji kolor\u00f3w z\u0142ota, czerwonego i bia\u0142ego, waga zmienia si\u0119 w zale\u017cno\u015bci od rozmiaru. W \u015brodku osadzony jest czarny, owalny fianit.&nbsp; Po bokach znajduj\u0105 si\u0119 rodowane p\u0142ytki t\u0142okowe z bia\u0142ego z\u0142ota. Sama opaska tworzy og\u00f3ln\u0105 kompozycj\u0119 ruchu.&nbsp; Pier\u015bcie\u0144 m\u0119ski jest pokryty czarn\u0105 pow\u0142ok\u0105.<\/p>\n","protected":false},"excerpt":{"rendered":"<p>M\u0119ski pier\u015bcionek w kombinacji kolor\u00f3w z\u0142ota, czerwonego i bia\u0142ego, waga zmienia si\u0119 w zale\u017cno\u015bci od rozmiaru. W \u015brodku osadzony jest czarny, owalny fianit.&nbsp; Po bokach znajduj\u0105 si\u0119 rodowane p\u0142ytki t\u0142okowe z bia\u0142ego z\u0142ota. Sama opaska tworzy og\u00f3ln\u0105 kompozycj\u0119 ruchu.&nbsp; Pier\u015bcie\u0144 m\u0119ski jest pokryty czarn\u0105 pow\u0142ok\u0105.<\/p>\n","protected":false},"featured_media":46429,"template":"","meta":{"_acf_changed":false},"product_brand":[],"product_cat":[517,589],"product_tag":[],"class_list":{"0":"post-46428","1":"product","2":"type-product","3":"status-publish","4":"has-post-thumbnail","6":"product_cat-mens-rings-and-seals-pl","7":"product_cat-signet-rings-pl","9":"first","10":"instock","11":"product-type-simple"},"acf":[],"_links":{"self":[{"href":"https:\/\/zl.jewelry\/pl\/wp-json\/wp\/v2\/product\/46428","targetHints":{"allow":["GET"]}}],"collection":[{"href":"https:\/\/zl.jewelry\/pl\/wp-json\/wp\/v2\/product"}],"about":[{"href":"https:\/\/zl.jewelry\/pl\/wp-json\/wp\/v2\/types\/product"}],"wp:featuredmedia":[{"embeddable":true,"href":"https:\/\/zl.jewelry\/pl\/wp-json\/wp\/v2\/media\/46429"}],"wp:attachment":[{"href":"https:\/\/zl.jewelry\/pl\/wp-json\/wp\/v2\/media?parent=46428"}],"wp:term":[{"taxonomy":"product_brand","embeddable":true,"href":"https:\/\/zl.jewelry\/pl\/wp-json\/wp\/v2\/product_brand?post=46428"},{"taxonomy":"product_cat","embeddable":true,"href":"https:\/\/zl.jewelry\/pl\/wp-json\/wp\/v2\/product_cat?post=46428"},{"taxonomy":"product_tag","embeddable":true,"href":"https:\/\/zl.jewelry\/pl\/wp-json\/wp\/v2\/product_tag?post=46428"}],"curies":[{"name":"wp","href":"https:\/\/api.w.org\/{rel}","templated":true}]}}