{"id":46422,"date":"2025-06-18T10:54:58","date_gmt":"2025-06-18T10:54:58","guid":{"rendered":"https:\/\/zl.jewelry\/product\/ring\/"},"modified":"2025-09-26T18:26:05","modified_gmt":"2025-09-26T18:26:05","slug":"ring","status":"publish","type":"product","link":"https:\/\/zl.jewelry\/pl\/product\/ring\/","title":{"rendered":"Pier\u015bcionek &#8222;$&#8221;"},"content":{"rendered":"<p>M\u0119ski pier\u015bcionek w kombinacji kolor\u00f3w czerwonego i bia\u0142ego z\u0142ota. Waga mo\u017ce si\u0119 r\u00f3\u017cni\u0107 w zale\u017cno\u015bci od rozmiaru. Rodowana tabliczka z bia\u0142ego z\u0142ota z przodu, dolar w \u015brodku, inicja\u0142y po bokach.&nbsp;<\/p>\n","protected":false},"excerpt":{"rendered":"<p>M\u0119ski pier\u015bcionek w kombinacji kolor\u00f3w czerwonego i bia\u0142ego z\u0142ota. Waga mo\u017ce si\u0119 r\u00f3\u017cni\u0107 w zale\u017cno\u015bci od rozmiaru. Rodowana tabliczka z bia\u0142ego z\u0142ota z przodu, dolar w \u015brodku, inicja\u0142y po bokach.&nbsp;<\/p>\n","protected":false},"featured_media":49011,"template":"","meta":{"_acf_changed":false},"product_brand":[],"product_cat":[517,589],"product_tag":[],"class_list":{"0":"post-46422","1":"product","2":"type-product","3":"status-publish","4":"has-post-thumbnail","6":"product_cat-mens-rings-and-seals-pl","7":"product_cat-signet-rings-pl","9":"first","10":"instock","11":"product-type-simple"},"acf":[],"_links":{"self":[{"href":"https:\/\/zl.jewelry\/pl\/wp-json\/wp\/v2\/product\/46422","targetHints":{"allow":["GET"]}}],"collection":[{"href":"https:\/\/zl.jewelry\/pl\/wp-json\/wp\/v2\/product"}],"about":[{"href":"https:\/\/zl.jewelry\/pl\/wp-json\/wp\/v2\/types\/product"}],"wp:featuredmedia":[{"embeddable":true,"href":"https:\/\/zl.jewelry\/pl\/wp-json\/wp\/v2\/media\/49011"}],"wp:attachment":[{"href":"https:\/\/zl.jewelry\/pl\/wp-json\/wp\/v2\/media?parent=46422"}],"wp:term":[{"taxonomy":"product_brand","embeddable":true,"href":"https:\/\/zl.jewelry\/pl\/wp-json\/wp\/v2\/product_brand?post=46422"},{"taxonomy":"product_cat","embeddable":true,"href":"https:\/\/zl.jewelry\/pl\/wp-json\/wp\/v2\/product_cat?post=46422"},{"taxonomy":"product_tag","embeddable":true,"href":"https:\/\/zl.jewelry\/pl\/wp-json\/wp\/v2\/product_tag?post=46422"}],"curies":[{"name":"wp","href":"https:\/\/api.w.org\/{rel}","templated":true}]}}