{"id":46420,"date":"2025-06-18T10:54:58","date_gmt":"2025-06-18T10:54:58","guid":{"rendered":"https:\/\/zl.jewelry\/product\/ring-black-prince\/"},"modified":"2025-09-26T18:26:05","modified_gmt":"2025-09-26T18:26:05","slug":"ring-black-prince","status":"publish","type":"product","link":"https:\/\/zl.jewelry\/pl\/product\/ring-black-prince\/","title":{"rendered":"Pier\u015bcionek &#8222;Black Prince&#8221;"},"content":{"rendered":"<p>M\u0119ski pier\u015bcionek z czerwonego z\u0142ota z czarnymi kamieniami. Waga elementu r&oacute;\u017cni si\u0119 w zale\u017cno\u015bci od rozmiaru. Kamienie maj\u0105 \u015brednic\u0119 1,00 mm; 1,25 mm; 7,00 mm&nbsp;x 7,00 mm. Na wewn\u0119trznej stronie pier\u015bcionka znajduj\u0105 si\u0119 blaszki z wzorami..&nbsp;<\/p>\n<p>_x000D_<\/p>\n","protected":false},"excerpt":{"rendered":"<p>M\u0119ski pier\u015bcionek z czerwonego z\u0142ota z czarnymi kamieniami. Waga elementu r&oacute;\u017cni si\u0119 w zale\u017cno\u015bci od rozmiaru. Kamienie maj\u0105 \u015brednic\u0119 1,00 mm; 1,25 mm; 7,00 mm&nbsp;x 7,00 mm. Na wewn\u0119trznej stronie pier\u015bcionka znajduj\u0105 si\u0119 blaszki z wzorami..&nbsp; _x000D_<\/p>\n","protected":false},"featured_media":48699,"template":"","meta":{"_acf_changed":false},"product_brand":[],"product_cat":[517,588],"product_tag":[],"class_list":{"0":"post-46420","1":"product","2":"type-product","3":"status-publish","4":"has-post-thumbnail","6":"product_cat-mens-rings-and-seals-pl","7":"product_cat-smooth-rings-pl","9":"first","10":"instock","11":"product-type-simple"},"acf":[],"_links":{"self":[{"href":"https:\/\/zl.jewelry\/pl\/wp-json\/wp\/v2\/product\/46420","targetHints":{"allow":["GET"]}}],"collection":[{"href":"https:\/\/zl.jewelry\/pl\/wp-json\/wp\/v2\/product"}],"about":[{"href":"https:\/\/zl.jewelry\/pl\/wp-json\/wp\/v2\/types\/product"}],"wp:featuredmedia":[{"embeddable":true,"href":"https:\/\/zl.jewelry\/pl\/wp-json\/wp\/v2\/media\/48699"}],"wp:attachment":[{"href":"https:\/\/zl.jewelry\/pl\/wp-json\/wp\/v2\/media?parent=46420"}],"wp:term":[{"taxonomy":"product_brand","embeddable":true,"href":"https:\/\/zl.jewelry\/pl\/wp-json\/wp\/v2\/product_brand?post=46420"},{"taxonomy":"product_cat","embeddable":true,"href":"https:\/\/zl.jewelry\/pl\/wp-json\/wp\/v2\/product_cat?post=46420"},{"taxonomy":"product_tag","embeddable":true,"href":"https:\/\/zl.jewelry\/pl\/wp-json\/wp\/v2\/product_tag?post=46420"}],"curies":[{"name":"wp","href":"https:\/\/api.w.org\/{rel}","templated":true}]}}