{"id":46418,"date":"2025-06-18T10:54:58","date_gmt":"2025-06-18T10:54:58","guid":{"rendered":"https:\/\/zl.jewelry\/product\/icon-case-nicholas-the-wonderworker\/"},"modified":"2025-09-26T18:26:05","modified_gmt":"2025-09-26T18:26:05","slug":"icon-case-nicholas-the-wonderworker","status":"publish","type":"product","link":"https:\/\/zl.jewelry\/pl\/product\/icon-case-nicholas-the-wonderworker\/","title":{"rendered":"Ikona &#8211; etui &#8222;Miko\u0142aj Cudotw\u00f3rca&#8221;"},"content":{"rendered":"<p>Ikona &#8211; etui, z twarz\u0105 Miko\u0142aja Cudotw\u00f3rcy, waga z\u0142ota 24,57 gram\u00f3w.&nbsp; Podstawa z drewna Eben, rama i podstawa ikony z czerwonego z\u0142ota, lico z bia\u0142ego z\u0142ota pokryte rodem. Na przedniej stronie ucha znajduje si\u0119 krzy\u017c, kt\u00f3rego powierzchnia pokryta jest emali\u0105. Wysoko\u015b\u0107 ikony bez uszka wynosi 52,80 mm. Kamienie klienta, \u015brednica oko\u0142o 1,00mm; 2,00mm. Z ty\u0142u na drewnie jest wyryta modlitwa &quot;Do Miko\u0142aja Czciciela&quot;.<\/p>\n","protected":false},"excerpt":{"rendered":"<p>Ikona &#8211; etui, z twarz\u0105 Miko\u0142aja Cudotw\u00f3rcy, waga z\u0142ota 24,57 gram\u00f3w.&nbsp; Podstawa z drewna Eben, rama i podstawa ikony z czerwonego z\u0142ota, lico z bia\u0142ego z\u0142ota pokryte rodem. Na przedniej stronie ucha znajduje si\u0119 krzy\u017c, kt\u00f3rego powierzchnia pokryta jest emali\u0105. Wysoko\u015b\u0107 ikony bez uszka wynosi 52,80 mm. Kamienie klienta, \u015brednica oko\u0142o 1,00mm; 2,00mm. Z ty\u0142u&#8230;<\/p>\n","protected":false},"featured_media":46419,"template":"","meta":{"_acf_changed":false},"product_brand":[],"product_cat":[500,502],"product_tag":[],"class_list":{"0":"post-46418","1":"product","2":"type-product","3":"status-publish","4":"has-post-thumbnail","6":"product_cat-golden-icons-pl","7":"product_cat-on-an-ebony-tree-pl","9":"first","10":"instock","11":"product-type-simple"},"acf":[],"_links":{"self":[{"href":"https:\/\/zl.jewelry\/pl\/wp-json\/wp\/v2\/product\/46418","targetHints":{"allow":["GET"]}}],"collection":[{"href":"https:\/\/zl.jewelry\/pl\/wp-json\/wp\/v2\/product"}],"about":[{"href":"https:\/\/zl.jewelry\/pl\/wp-json\/wp\/v2\/types\/product"}],"wp:featuredmedia":[{"embeddable":true,"href":"https:\/\/zl.jewelry\/pl\/wp-json\/wp\/v2\/media\/46419"}],"wp:attachment":[{"href":"https:\/\/zl.jewelry\/pl\/wp-json\/wp\/v2\/media?parent=46418"}],"wp:term":[{"taxonomy":"product_brand","embeddable":true,"href":"https:\/\/zl.jewelry\/pl\/wp-json\/wp\/v2\/product_brand?post=46418"},{"taxonomy":"product_cat","embeddable":true,"href":"https:\/\/zl.jewelry\/pl\/wp-json\/wp\/v2\/product_cat?post=46418"},{"taxonomy":"product_tag","embeddable":true,"href":"https:\/\/zl.jewelry\/pl\/wp-json\/wp\/v2\/product_tag?post=46418"}],"curies":[{"name":"wp","href":"https:\/\/api.w.org\/{rel}","templated":true}]}}