{"id":46412,"date":"2025-06-18T10:54:58","date_gmt":"2025-06-18T10:54:58","guid":{"rendered":"https:\/\/zl.jewelry\/product\/pendant-emerald-light\/"},"modified":"2025-09-26T18:26:04","modified_gmt":"2025-09-26T18:26:04","slug":"pendant-emerald-light","status":"publish","type":"product","link":"https:\/\/zl.jewelry\/pl\/product\/pendant-emerald-light\/","title":{"rendered":"Wisiorek &#8222;Szmaragdowe \u015awiat\u0142o&#8221;"},"content":{"rendered":"<p>Wisiorek z po\u0142\u0105czenia czerwonego, bia\u0142ego i cytrynowego z\u0142ota, waga zale\u017cy od rozmiaru bi\u017cuterii, przy \u015brednicy 40 mm waga bi\u017cuterii wynosi 7,05 mm. Podstawa wykonana jest z czerwonego z\u0142ota, \u015brodek z cytrynowego z\u0142ota, a ramka z bia\u0142ego z\u0142ota pokrytego rodem. \u015arodek jest osadzony kamieniem o \u015brednicy 2,75 mm, dowolny kamie\u0144 mo\u017ce by\u0107 osadzony zgodnie z \u017cyczeniem klienta..<\/p>\n","protected":false},"excerpt":{"rendered":"<p>Wisiorek z po\u0142\u0105czenia czerwonego, bia\u0142ego i cytrynowego z\u0142ota, waga zale\u017cy od rozmiaru bi\u017cuterii, przy \u015brednicy 40 mm waga bi\u017cuterii wynosi 7,05 mm. Podstawa wykonana jest z czerwonego z\u0142ota, \u015brodek z cytrynowego z\u0142ota, a ramka z bia\u0142ego z\u0142ota pokrytego rodem. \u015arodek jest osadzony kamieniem o \u015brednicy 2,75 mm, dowolny kamie\u0144 mo\u017ce by\u0107 osadzony zgodnie z \u017cyczeniem&#8230;<\/p>\n","protected":false},"featured_media":46413,"template":"","meta":{"_acf_changed":false},"product_brand":[],"product_cat":[563,566,570],"product_tag":[],"class_list":{"0":"post-46412","1":"product","2":"type-product","3":"status-publish","4":"has-post-thumbnail","6":"product_cat-gold-pendants-pl","7":"product_cat-with-cubic-zirconia-2-pl","8":"product_cat-with-rocks-2-pl","10":"first","11":"instock","12":"product-type-simple"},"acf":[],"_links":{"self":[{"href":"https:\/\/zl.jewelry\/pl\/wp-json\/wp\/v2\/product\/46412","targetHints":{"allow":["GET"]}}],"collection":[{"href":"https:\/\/zl.jewelry\/pl\/wp-json\/wp\/v2\/product"}],"about":[{"href":"https:\/\/zl.jewelry\/pl\/wp-json\/wp\/v2\/types\/product"}],"wp:featuredmedia":[{"embeddable":true,"href":"https:\/\/zl.jewelry\/pl\/wp-json\/wp\/v2\/media\/46413"}],"wp:attachment":[{"href":"https:\/\/zl.jewelry\/pl\/wp-json\/wp\/v2\/media?parent=46412"}],"wp:term":[{"taxonomy":"product_brand","embeddable":true,"href":"https:\/\/zl.jewelry\/pl\/wp-json\/wp\/v2\/product_brand?post=46412"},{"taxonomy":"product_cat","embeddable":true,"href":"https:\/\/zl.jewelry\/pl\/wp-json\/wp\/v2\/product_cat?post=46412"},{"taxonomy":"product_tag","embeddable":true,"href":"https:\/\/zl.jewelry\/pl\/wp-json\/wp\/v2\/product_tag?post=46412"}],"curies":[{"name":"wp","href":"https:\/\/api.w.org\/{rel}","templated":true}]}}