{"id":46401,"date":"2025-06-18T10:55:04","date_gmt":"2025-06-18T10:55:04","guid":{"rendered":"https:\/\/zl.jewelry\/product\/cross-archangel-michael-in-red-gold\/"},"modified":"2025-09-26T18:26:13","modified_gmt":"2025-09-26T18:26:13","slug":"cross-archangel-michael-in-red-gold","status":"publish","type":"product","link":"https:\/\/zl.jewelry\/pl\/product\/cross-archangel-michael-in-red-gold\/","title":{"rendered":"Krzy\u017c &#8222;Archanio\u0142a Micha\u0142a&#8221; z czerwonego z\u0142ota"},"content":{"rendered":"<p>Krzy\u017cyk z czerwonego z\u0142ota z niello. Waga bi\u017cuterii zale\u017cy od wymiar\u00f3w, przy ca\u0142kowitej wysoko\u015bci 45 mm waga z\u0142ota wynosi 14,80 grama. Z przodu znajduje si\u0119 ukrzy\u017cowanie, a z ty\u0142u wizerunek Archanio\u0142a Micha\u0142a.<\/p>\n","protected":false},"excerpt":{"rendered":"<p>Krzy\u017cyk z czerwonego z\u0142ota z niello. Waga bi\u017cuterii zale\u017cy od wymiar\u00f3w, przy ca\u0142kowitej wysoko\u015bci 45 mm waga z\u0142ota wynosi 14,80 grama. Z przodu znajduje si\u0119 ukrzy\u017cowanie, a z ty\u0142u wizerunek Archanio\u0142a Micha\u0142a.<\/p>\n","protected":false},"featured_media":46402,"template":"","meta":{"_acf_changed":false},"product_brand":[],"product_cat":[504,510],"product_tag":[],"class_list":{"0":"post-46401","1":"product","2":"type-product","3":"status-publish","4":"has-post-thumbnail","6":"product_cat-golden-crosses-pl","7":"product_cat-mens-crosses-pl","9":"first","10":"instock","11":"product-type-simple"},"acf":[],"_links":{"self":[{"href":"https:\/\/zl.jewelry\/pl\/wp-json\/wp\/v2\/product\/46401","targetHints":{"allow":["GET"]}}],"collection":[{"href":"https:\/\/zl.jewelry\/pl\/wp-json\/wp\/v2\/product"}],"about":[{"href":"https:\/\/zl.jewelry\/pl\/wp-json\/wp\/v2\/types\/product"}],"wp:featuredmedia":[{"embeddable":true,"href":"https:\/\/zl.jewelry\/pl\/wp-json\/wp\/v2\/media\/46402"}],"wp:attachment":[{"href":"https:\/\/zl.jewelry\/pl\/wp-json\/wp\/v2\/media?parent=46401"}],"wp:term":[{"taxonomy":"product_brand","embeddable":true,"href":"https:\/\/zl.jewelry\/pl\/wp-json\/wp\/v2\/product_brand?post=46401"},{"taxonomy":"product_cat","embeddable":true,"href":"https:\/\/zl.jewelry\/pl\/wp-json\/wp\/v2\/product_cat?post=46401"},{"taxonomy":"product_tag","embeddable":true,"href":"https:\/\/zl.jewelry\/pl\/wp-json\/wp\/v2\/product_tag?post=46401"}],"curies":[{"name":"wp","href":"https:\/\/api.w.org\/{rel}","templated":true}]}}