{"id":46391,"date":"2025-06-18T10:55:04","date_gmt":"2025-06-18T10:55:04","guid":{"rendered":"https:\/\/zl.jewelry\/product\/wedding-rings-diamond-weave\/"},"modified":"2025-09-26T18:26:12","modified_gmt":"2025-09-26T18:26:12","slug":"wedding-rings-diamond-weave","status":"publish","type":"product","link":"https:\/\/zl.jewelry\/pl\/product\/wedding-rings-diamond-weave\/","title":{"rendered":"Obr\u0105czki \u015blubne &#8222;Diamond Intertwining&#8221;"},"content":{"rendered":"<p>Pier\u015bcionek zar\u0119czynowy z czerwonego z\u0142ota, szeroko\u015b\u0107 obr\u0105czki 5-6mm. Wstawione diamenty, \u015brednica 1.00mm; 1.10mm; 1.20mm.&nbsp;<\/p>\n<p>_x000D_<\/p>\n","protected":false},"excerpt":{"rendered":"<p>Pier\u015bcionek zar\u0119czynowy z czerwonego z\u0142ota, szeroko\u015b\u0107 obr\u0105czki 5-6mm. Wstawione diamenty, \u015brednica 1.00mm; 1.10mm; 1.20mm.&nbsp; _x000D_<\/p>\n","protected":false},"featured_media":46392,"template":"","meta":{"_acf_changed":false},"product_brand":[],"product_cat":[535,528,533,537],"product_tag":[],"class_list":{"0":"post-46391","1":"product","2":"type-product","3":"status-publish","4":"has-post-thumbnail","6":"product_cat-wedding-rings-with-diamonds-pl","7":"product_cat-wedding-rings-pl","8":"product_cat-red-gold-wedding-rings-pl","9":"product_cat-with-rocks-4-pl","11":"first","12":"instock","13":"product-type-simple"},"acf":[],"_links":{"self":[{"href":"https:\/\/zl.jewelry\/pl\/wp-json\/wp\/v2\/product\/46391","targetHints":{"allow":["GET"]}}],"collection":[{"href":"https:\/\/zl.jewelry\/pl\/wp-json\/wp\/v2\/product"}],"about":[{"href":"https:\/\/zl.jewelry\/pl\/wp-json\/wp\/v2\/types\/product"}],"wp:featuredmedia":[{"embeddable":true,"href":"https:\/\/zl.jewelry\/pl\/wp-json\/wp\/v2\/media\/46392"}],"wp:attachment":[{"href":"https:\/\/zl.jewelry\/pl\/wp-json\/wp\/v2\/media?parent=46391"}],"wp:term":[{"taxonomy":"product_brand","embeddable":true,"href":"https:\/\/zl.jewelry\/pl\/wp-json\/wp\/v2\/product_brand?post=46391"},{"taxonomy":"product_cat","embeddable":true,"href":"https:\/\/zl.jewelry\/pl\/wp-json\/wp\/v2\/product_cat?post=46391"},{"taxonomy":"product_tag","embeddable":true,"href":"https:\/\/zl.jewelry\/pl\/wp-json\/wp\/v2\/product_tag?post=46391"}],"curies":[{"name":"wp","href":"https:\/\/api.w.org\/{rel}","templated":true}]}}