{"id":46389,"date":"2025-06-18T10:55:04","date_gmt":"2025-06-18T10:55:04","guid":{"rendered":"https:\/\/zl.jewelry\/product\/wedding-rings-gentle-faces\/"},"modified":"2025-09-26T18:26:12","modified_gmt":"2025-09-26T18:26:12","slug":"wedding-rings-gentle-faces","status":"publish","type":"product","link":"https:\/\/zl.jewelry\/pl\/product\/wedding-rings-gentle-faces\/","title":{"rendered":"Obr\u0105czki \u015blubne &#8222;Tender Edge&#8221;"},"content":{"rendered":"<p>Pier\u015bcionki zar\u0119czynowe w kolorze cytrynowym i bia\u0142ego z\u0142ota. Waga r&oacute;\u017cni si\u0119 w zale\u017cno\u015bci od rozmiaru. Na obr\u0105czkach u\u0142o\u017cone kamienie o \u015brednicy oko\u0142o 1,00mm; 2,00mm. Kamienie mog\u0105 by\u0107 umieszczone dowolnie, na \u017cyczenie klienta. Podstawa, na kt&oacute;rej znajduj\u0105 si\u0119 wzory, jest rodowana.<\/p>\n<p>_x000D_<\/p>\n","protected":false},"excerpt":{"rendered":"<p>Pier\u015bcionki zar\u0119czynowe w kolorze cytrynowym i bia\u0142ego z\u0142ota. Waga r&oacute;\u017cni si\u0119 w zale\u017cno\u015bci od rozmiaru. Na obr\u0105czkach u\u0142o\u017cone kamienie o \u015brednicy oko\u0142o 1,00mm; 2,00mm. Kamienie mog\u0105 by\u0107 umieszczone dowolnie, na \u017cyczenie klienta. Podstawa, na kt&oacute;rej znajduj\u0105 si\u0119 wzory, jest rodowana. _x000D_<\/p>\n","protected":false},"featured_media":46390,"template":"","meta":{"_acf_changed":false},"product_brand":[],"product_cat":[535,531,530,528,537],"product_tag":[],"class_list":{"0":"post-46389","1":"product","2":"type-product","3":"status-publish","4":"has-post-thumbnail","6":"product_cat-wedding-rings-with-diamonds-pl","7":"product_cat-elite-wedding-rings-pl","8":"product_cat-combined-wedding-rings-pl","9":"product_cat-wedding-rings-pl","10":"product_cat-with-rocks-4-pl","12":"first","13":"instock","14":"product-type-simple"},"acf":[],"_links":{"self":[{"href":"https:\/\/zl.jewelry\/pl\/wp-json\/wp\/v2\/product\/46389","targetHints":{"allow":["GET"]}}],"collection":[{"href":"https:\/\/zl.jewelry\/pl\/wp-json\/wp\/v2\/product"}],"about":[{"href":"https:\/\/zl.jewelry\/pl\/wp-json\/wp\/v2\/types\/product"}],"wp:featuredmedia":[{"embeddable":true,"href":"https:\/\/zl.jewelry\/pl\/wp-json\/wp\/v2\/media\/46390"}],"wp:attachment":[{"href":"https:\/\/zl.jewelry\/pl\/wp-json\/wp\/v2\/media?parent=46389"}],"wp:term":[{"taxonomy":"product_brand","embeddable":true,"href":"https:\/\/zl.jewelry\/pl\/wp-json\/wp\/v2\/product_brand?post=46389"},{"taxonomy":"product_cat","embeddable":true,"href":"https:\/\/zl.jewelry\/pl\/wp-json\/wp\/v2\/product_cat?post=46389"},{"taxonomy":"product_tag","embeddable":true,"href":"https:\/\/zl.jewelry\/pl\/wp-json\/wp\/v2\/product_tag?post=46389"}],"curies":[{"name":"wp","href":"https:\/\/api.w.org\/{rel}","templated":true}]}}