{"id":46366,"date":"2025-06-18T10:55:04","date_gmt":"2025-06-18T10:55:04","guid":{"rendered":"https:\/\/zl.jewelry\/product\/wedding-rings-magic-numbers\/"},"modified":"2025-09-26T18:26:10","modified_gmt":"2025-09-26T18:26:10","slug":"wedding-rings-magic-numbers","status":"publish","type":"product","link":"https:\/\/zl.jewelry\/pl\/product\/wedding-rings-magic-numbers\/","title":{"rendered":"Obr\u0105czka \u015blubna &#8222;Magic Numbers&#8221;"},"content":{"rendered":"<p>Pier\u015bcionki zar\u0119czynowe z bia\u0142ego z\u0142ota pokrytego rodem. Szeroko\u015b\u0107 obr\u0105czek wynosi 8 mm. Wstawki z kamieni u\u0142o\u017cone w formie rymowanych cyfr. Na zestawie m\u0119skim kamienie koloru czarnego, na zestawie damskim kamienie bezbarwne. \u015arednica kamieni 1mm (134szt.); 1,25mm (10szt.). Waga z\u0142ota r&oacute;\u017cni si\u0119 w zale\u017cno\u015bci od rozmiaru.<\/p>\n<p>_x000D_<\/p>\n","protected":false},"excerpt":{"rendered":"<p>Pier\u015bcionki zar\u0119czynowe z bia\u0142ego z\u0142ota pokrytego rodem. Szeroko\u015b\u0107 obr\u0105czek wynosi 8 mm. Wstawki z kamieni u\u0142o\u017cone w formie rymowanych cyfr. Na zestawie m\u0119skim kamienie koloru czarnego, na zestawie damskim kamienie bezbarwne. \u015arednica kamieni 1mm (134szt.); 1,25mm (10szt.). Waga z\u0142ota r&oacute;\u017cni si\u0119 w zale\u017cno\u015bci od rozmiaru. _x000D_<\/p>\n","protected":false},"featured_media":46374,"template":"","meta":{"_acf_changed":false},"product_brand":[],"product_cat":[535,531,528,536,537],"product_tag":[],"class_list":{"0":"post-46366","1":"product","2":"type-product","3":"status-publish","4":"has-post-thumbnail","6":"product_cat-wedding-rings-with-diamonds-pl","7":"product_cat-elite-wedding-rings-pl","8":"product_cat-wedding-rings-pl","9":"product_cat-white-gold-wedding-rings-pl","10":"product_cat-with-rocks-4-pl","12":"first","13":"instock","14":"product-type-simple"},"acf":[],"_links":{"self":[{"href":"https:\/\/zl.jewelry\/pl\/wp-json\/wp\/v2\/product\/46366","targetHints":{"allow":["GET"]}}],"collection":[{"href":"https:\/\/zl.jewelry\/pl\/wp-json\/wp\/v2\/product"}],"about":[{"href":"https:\/\/zl.jewelry\/pl\/wp-json\/wp\/v2\/types\/product"}],"wp:featuredmedia":[{"embeddable":true,"href":"https:\/\/zl.jewelry\/pl\/wp-json\/wp\/v2\/media\/46374"}],"wp:attachment":[{"href":"https:\/\/zl.jewelry\/pl\/wp-json\/wp\/v2\/media?parent=46366"}],"wp:term":[{"taxonomy":"product_brand","embeddable":true,"href":"https:\/\/zl.jewelry\/pl\/wp-json\/wp\/v2\/product_brand?post=46366"},{"taxonomy":"product_cat","embeddable":true,"href":"https:\/\/zl.jewelry\/pl\/wp-json\/wp\/v2\/product_cat?post=46366"},{"taxonomy":"product_tag","embeddable":true,"href":"https:\/\/zl.jewelry\/pl\/wp-json\/wp\/v2\/product_tag?post=46366"}],"curies":[{"name":"wp","href":"https:\/\/api.w.org\/{rel}","templated":true}]}}