{"id":46356,"date":"2025-06-18T10:55:04","date_gmt":"2025-06-18T10:55:04","guid":{"rendered":"https:\/\/zl.jewelry\/product\/wedding-rings-dance-of-shadows\/"},"modified":"2025-09-26T18:26:10","modified_gmt":"2025-09-26T18:26:10","slug":"wedding-rings-dance-of-shadows","status":"publish","type":"product","link":"https:\/\/zl.jewelry\/pl\/product\/wedding-rings-dance-of-shadows\/","title":{"rendered":"Pier\u015bcionki zar\u0119czynowe &#8222;Taniec cieni&#8221;"},"content":{"rendered":"<p>Pier\u015bcionki zar\u0119czynowe w po\u0142\u0105czeniu czerwonego i bia\u0142ego z\u0142ota. Waga r\u00f3\u017cni si\u0119 w zale\u017cno\u015bci od rozmiaru. M\u0119ski pier\u015bcionek jest osadzony z kamieniem o \u015brednicy 2,5 mm, w kolorze czarnym. Szeroko\u015b\u0107 czerwonego pier\u015bcionka wynosi 8 mm, szeroko\u015b\u0107 bia\u0142ego pier\u015bcionka wynosi 5 mm. Obr\u0105czka damska ma 5 bezbarwnych kamieni o \u015brednicy 2 mm. Szeroko\u015b\u0107 czerwonego pier\u015bcionka wynosi 6 mm, szeroko\u015b\u0107 bia\u0142ego pier\u015bcionka wynosi 4 mm. Po\u0142\u00f3wki z bia\u0142ego z\u0142ota s\u0105 rodowane.<\/p>\n","protected":false},"excerpt":{"rendered":"<p>Pier\u015bcionki zar\u0119czynowe w po\u0142\u0105czeniu czerwonego i bia\u0142ego z\u0142ota. Waga r\u00f3\u017cni si\u0119 w zale\u017cno\u015bci od rozmiaru. M\u0119ski pier\u015bcionek jest osadzony z kamieniem o \u015brednicy 2,5 mm, w kolorze czarnym. Szeroko\u015b\u0107 czerwonego pier\u015bcionka wynosi 8 mm, szeroko\u015b\u0107 bia\u0142ego pier\u015bcionka wynosi 5 mm. Obr\u0105czka damska ma 5 bezbarwnych kamieni o \u015brednicy 2 mm. Szeroko\u015b\u0107 czerwonego pier\u015bcionka wynosi 6&#8230;<\/p>\n","protected":false},"featured_media":46357,"template":"","meta":{"_acf_changed":false},"product_brand":[],"product_cat":[528,530,537,535,531],"product_tag":[],"class_list":{"0":"post-46356","1":"product","2":"type-product","3":"status-publish","4":"has-post-thumbnail","6":"product_cat-wedding-rings-pl","7":"product_cat-combined-wedding-rings-pl","8":"product_cat-with-rocks-4-pl","9":"product_cat-wedding-rings-with-diamonds-pl","10":"product_cat-elite-wedding-rings-pl","12":"first","13":"instock","14":"product-type-simple"},"acf":[],"_links":{"self":[{"href":"https:\/\/zl.jewelry\/pl\/wp-json\/wp\/v2\/product\/46356","targetHints":{"allow":["GET"]}}],"collection":[{"href":"https:\/\/zl.jewelry\/pl\/wp-json\/wp\/v2\/product"}],"about":[{"href":"https:\/\/zl.jewelry\/pl\/wp-json\/wp\/v2\/types\/product"}],"wp:featuredmedia":[{"embeddable":true,"href":"https:\/\/zl.jewelry\/pl\/wp-json\/wp\/v2\/media\/46357"}],"wp:attachment":[{"href":"https:\/\/zl.jewelry\/pl\/wp-json\/wp\/v2\/media?parent=46356"}],"wp:term":[{"taxonomy":"product_brand","embeddable":true,"href":"https:\/\/zl.jewelry\/pl\/wp-json\/wp\/v2\/product_brand?post=46356"},{"taxonomy":"product_cat","embeddable":true,"href":"https:\/\/zl.jewelry\/pl\/wp-json\/wp\/v2\/product_cat?post=46356"},{"taxonomy":"product_tag","embeddable":true,"href":"https:\/\/zl.jewelry\/pl\/wp-json\/wp\/v2\/product_tag?post=46356"}],"curies":[{"name":"wp","href":"https:\/\/api.w.org\/{rel}","templated":true}]}}