{"id":46346,"date":"2025-06-18T10:55:09","date_gmt":"2025-06-18T10:55:09","guid":{"rendered":"https:\/\/zl.jewelry\/product\/cross-royal-dream\/"},"modified":"2025-09-26T18:26:18","modified_gmt":"2025-09-26T18:26:18","slug":"cross-royal-dream","status":"publish","type":"product","link":"https:\/\/zl.jewelry\/pl\/product\/cross-royal-dream\/","title":{"rendered":"Krzy\u017c &#8222;Kr\u00f3lewski sen&#8221;"},"content":{"rendered":"<p>Krzy\u017c na hebanie, z inkrustacjami z czerwonego z\u0142ota. Waga zale\u017cy od wymiar\u00f3w bi\u017cuterii, przy wysoko\u015bci oko\u0142o 45 mm z uszkiem i szeroko\u015bci 25 mm wa\u017cy 10,03 grama. Na przedniej stronie znajduje si\u0119 krucyfiks i wstawki pokryte czarn\u0105 emali\u0105. Na uszku z przodu znajduje si\u0119 symbol pokryty czarn\u0105 emali\u0105, a z ty\u0142u wzory.&nbsp; Wz\u00f3r i wymiary mog\u0105 zosta\u0107 zmienione zgodnie z \u017cyczeniem klienta..<\/p>\n","protected":false},"excerpt":{"rendered":"<p>Krzy\u017c na hebanie, z inkrustacjami z czerwonego z\u0142ota. Waga zale\u017cy od wymiar\u00f3w bi\u017cuterii, przy wysoko\u015bci oko\u0142o 45 mm z uszkiem i szeroko\u015bci 25 mm wa\u017cy 10,03 grama. Na przedniej stronie znajduje si\u0119 krucyfiks i wstawki pokryte czarn\u0105 emali\u0105. Na uszku z przodu znajduje si\u0119 symbol pokryty czarn\u0105 emali\u0105, a z ty\u0142u wzory.&nbsp; Wz\u00f3r i wymiary&#8230;<\/p>\n","protected":false},"featured_media":63697,"template":"","meta":{"_acf_changed":false},"product_brand":[],"product_cat":[504,506,507,510,511,512],"product_tag":[],"class_list":{"0":"post-46346","1":"product","2":"type-product","3":"status-publish","4":"has-post-thumbnail","6":"product_cat-golden-crosses-pl","7":"product_cat-crosses-with-stones-pl","8":"product_cat-exclusive-golden-handmade-crosses-pl","9":"product_cat-mens-crosses-pl","10":"product_cat-on-an-ebony-tree-2-pl","11":"product_cat-with-diamonds-pl","13":"first","14":"instock","15":"product-type-simple"},"acf":[],"_links":{"self":[{"href":"https:\/\/zl.jewelry\/pl\/wp-json\/wp\/v2\/product\/46346","targetHints":{"allow":["GET"]}}],"collection":[{"href":"https:\/\/zl.jewelry\/pl\/wp-json\/wp\/v2\/product"}],"about":[{"href":"https:\/\/zl.jewelry\/pl\/wp-json\/wp\/v2\/types\/product"}],"wp:featuredmedia":[{"embeddable":true,"href":"https:\/\/zl.jewelry\/pl\/wp-json\/wp\/v2\/media\/63697"}],"wp:attachment":[{"href":"https:\/\/zl.jewelry\/pl\/wp-json\/wp\/v2\/media?parent=46346"}],"wp:term":[{"taxonomy":"product_brand","embeddable":true,"href":"https:\/\/zl.jewelry\/pl\/wp-json\/wp\/v2\/product_brand?post=46346"},{"taxonomy":"product_cat","embeddable":true,"href":"https:\/\/zl.jewelry\/pl\/wp-json\/wp\/v2\/product_cat?post=46346"},{"taxonomy":"product_tag","embeddable":true,"href":"https:\/\/zl.jewelry\/pl\/wp-json\/wp\/v2\/product_tag?post=46346"}],"curies":[{"name":"wp","href":"https:\/\/api.w.org\/{rel}","templated":true}]}}