{"id":46309,"date":"2025-06-18T10:55:09","date_gmt":"2025-06-18T10:55:09","guid":{"rendered":"https:\/\/zl.jewelry\/product\/cross-andrew-the-first-called\/"},"modified":"2025-09-26T18:26:15","modified_gmt":"2025-09-26T18:26:15","slug":"cross-andrew-the-first-called","status":"publish","type":"product","link":"https:\/\/zl.jewelry\/pl\/product\/cross-andrew-the-first-called\/","title":{"rendered":"Krzy\u017c &#8222;Andrei Pervozvanny&#8221;"},"content":{"rendered":"<p>Krzy\u017cyk w drewnianej obudowie, z wstawkami z bia\u0142ego z\u0142ota, rodowany. Waga zale\u017cy od wymiar&oacute;w, przy czym wysoko\u015b\u0107 krzy\u017cyka wynosi oko\u0142o 65mm, waga z\u0142ota w bi\u017cuterii 30,02 grama. Wymiary mog\u0105 zosta\u0107 zmienione na \u017cyczenie klienta. Z przodu krucyfiks w formie nak\u0142adki, z ty\u0142u wizerunek \u015bwi\u0119tego Andrzeja. Na uszku z przodu wizerunek Anio\u0142a Str&oacute;\u017ca, z ty\u0142u symbole. Krzy\u017c jest ozdobiony niebiesk\u0105 emali\u0105. Wz&oacute;r mo\u017ce by\u0107 zmieniony.<\/p>\n<p>_x000D_<\/p>\n","protected":false},"excerpt":{"rendered":"<p>Krzy\u017cyk w drewnianej obudowie, z wstawkami z bia\u0142ego z\u0142ota, rodowany. Waga zale\u017cy od wymiar&oacute;w, przy czym wysoko\u015b\u0107 krzy\u017cyka wynosi oko\u0142o 65mm, waga z\u0142ota w bi\u017cuterii 30,02 grama. Wymiary mog\u0105 zosta\u0107 zmienione na \u017cyczenie klienta. Z przodu krucyfiks w formie nak\u0142adki, z ty\u0142u wizerunek \u015bwi\u0119tego Andrzeja. Na uszku z przodu wizerunek Anio\u0142a Str&oacute;\u017ca, z ty\u0142u symbole&#8230;.<\/p>\n","protected":false},"featured_media":46310,"template":"","meta":{"_acf_changed":false},"product_brand":[],"product_cat":[504,507,509,510,511],"product_tag":[],"class_list":{"0":"post-46309","1":"product","2":"type-product","3":"status-publish","4":"has-post-thumbnail","6":"product_cat-golden-crosses-pl","7":"product_cat-exclusive-golden-handmade-crosses-pl","8":"product_cat-made-of-white-gold-pl","9":"product_cat-mens-crosses-pl","10":"product_cat-on-an-ebony-tree-2-pl","12":"first","13":"instock","14":"product-type-simple"},"acf":[],"_links":{"self":[{"href":"https:\/\/zl.jewelry\/pl\/wp-json\/wp\/v2\/product\/46309","targetHints":{"allow":["GET"]}}],"collection":[{"href":"https:\/\/zl.jewelry\/pl\/wp-json\/wp\/v2\/product"}],"about":[{"href":"https:\/\/zl.jewelry\/pl\/wp-json\/wp\/v2\/types\/product"}],"wp:featuredmedia":[{"embeddable":true,"href":"https:\/\/zl.jewelry\/pl\/wp-json\/wp\/v2\/media\/46310"}],"wp:attachment":[{"href":"https:\/\/zl.jewelry\/pl\/wp-json\/wp\/v2\/media?parent=46309"}],"wp:term":[{"taxonomy":"product_brand","embeddable":true,"href":"https:\/\/zl.jewelry\/pl\/wp-json\/wp\/v2\/product_brand?post=46309"},{"taxonomy":"product_cat","embeddable":true,"href":"https:\/\/zl.jewelry\/pl\/wp-json\/wp\/v2\/product_cat?post=46309"},{"taxonomy":"product_tag","embeddable":true,"href":"https:\/\/zl.jewelry\/pl\/wp-json\/wp\/v2\/product_tag?post=46309"}],"curies":[{"name":"wp","href":"https:\/\/api.w.org\/{rel}","templated":true}]}}