{"id":46305,"date":"2025-06-18T10:55:16","date_gmt":"2025-06-18T10:55:16","guid":{"rendered":"https:\/\/zl.jewelry\/product\/cross-combination\/"},"modified":"2025-09-26T18:26:22","modified_gmt":"2025-09-26T18:26:22","slug":"cross-combination","status":"publish","type":"product","link":"https:\/\/zl.jewelry\/pl\/product\/cross-combination\/","title":{"rendered":"Krzy\u017c &#8222;Kombinacja&#8221;"},"content":{"rendered":"<p>Krzy\u017cyk jest w kolorze bia\u0142ego i czerwonego z\u0142ota. Wysoko\u015b\u0107 krzy\u017ca bez uszka wynosi 40 mm, waga z\u0142ota to 9 gram&oacute;w. Podstawa z bia\u0142ego z\u0142ota pokrytego rodem, nak\u0142adka krucyfiksu, &quot;INCI&quot; i ucho z czerwonego z\u0142ota. Z ty\u0142u podstawy znajduje si\u0119 wymodelowany napis &quot;SOszcz\u0119dzaj i zachowuj&quot;.<\/p>\n<p>_x000D_<br \/>\n_x000D_<\/p>\n<p>.<\/p>\n<p>_x000D_<\/p>\n","protected":false},"excerpt":{"rendered":"<p>Krzy\u017cyk jest w kolorze bia\u0142ego i czerwonego z\u0142ota. Wysoko\u015b\u0107 krzy\u017ca bez uszka wynosi 40 mm, waga z\u0142ota to 9 gram&oacute;w. Podstawa z bia\u0142ego z\u0142ota pokrytego rodem, nak\u0142adka krucyfiksu, &quot;INCI&quot; i ucho z czerwonego z\u0142ota. Z ty\u0142u podstawy znajduje si\u0119 wymodelowany napis &quot;SOszcz\u0119dzaj i zachowuj&quot;. _x000D_ _x000D_ . _x000D_<\/p>\n","protected":false},"featured_media":46306,"template":"","meta":{"_acf_changed":false},"product_brand":[],"product_cat":[504,509,510,513],"product_tag":[],"class_list":{"0":"post-46305","1":"product","2":"type-product","3":"status-publish","4":"has-post-thumbnail","6":"product_cat-golden-crosses-pl","7":"product_cat-made-of-white-gold-pl","8":"product_cat-mens-crosses-pl","9":"product_cat-womens-crosses-pl","11":"first","12":"instock","13":"product-type-simple"},"acf":[],"_links":{"self":[{"href":"https:\/\/zl.jewelry\/pl\/wp-json\/wp\/v2\/product\/46305","targetHints":{"allow":["GET"]}}],"collection":[{"href":"https:\/\/zl.jewelry\/pl\/wp-json\/wp\/v2\/product"}],"about":[{"href":"https:\/\/zl.jewelry\/pl\/wp-json\/wp\/v2\/types\/product"}],"wp:featuredmedia":[{"embeddable":true,"href":"https:\/\/zl.jewelry\/pl\/wp-json\/wp\/v2\/media\/46306"}],"wp:attachment":[{"href":"https:\/\/zl.jewelry\/pl\/wp-json\/wp\/v2\/media?parent=46305"}],"wp:term":[{"taxonomy":"product_brand","embeddable":true,"href":"https:\/\/zl.jewelry\/pl\/wp-json\/wp\/v2\/product_brand?post=46305"},{"taxonomy":"product_cat","embeddable":true,"href":"https:\/\/zl.jewelry\/pl\/wp-json\/wp\/v2\/product_cat?post=46305"},{"taxonomy":"product_tag","embeddable":true,"href":"https:\/\/zl.jewelry\/pl\/wp-json\/wp\/v2\/product_tag?post=46305"}],"curies":[{"name":"wp","href":"https:\/\/api.w.org\/{rel}","templated":true}]}}