{"id":46299,"date":"2025-06-18T10:55:16","date_gmt":"2025-06-18T10:55:16","guid":{"rendered":"https:\/\/zl.jewelry\/product\/cross-individuality\/"},"modified":"2025-09-26T18:26:21","modified_gmt":"2025-09-26T18:26:21","slug":"cross-individuality","status":"publish","type":"product","link":"https:\/\/zl.jewelry\/pl\/product\/cross-individuality\/","title":{"rendered":"Cross &#8222;Indywidualno\u015b\u0107&#8221;"},"content":{"rendered":"<p>Krzy\u017cyk w po\u0142\u0105czeniu kolor\u00f3w czerwonego i bia\u0142ego z\u0142ota, detale z rodowanego bia\u0142ego z\u0142ota. Waga zale\u017cy od wymiar\u00f3w, przy wysoko\u015bci 35mm bez ucha waga bi\u017cuterii wynosi 14,56 grama. Wk\u0142adki, kamienie, \u015brednica 1mm (137szt), 1,8mm (12szt). Kamienie mog\u0105 by\u0107 osadzone dowolnie, na \u017cyczenie klienta.&nbsp;&nbsp;Na przedniej stronie rozsypka kamieni, a w centrum ukrzy\u017cowanie. Tylna strona jest pokryta czarn\u0105 emali\u0105, a wzory s\u0105 pokryte bia\u0142\u0105 emali\u0105.<\/p>\n","protected":false},"excerpt":{"rendered":"<p>Krzy\u017cyk w po\u0142\u0105czeniu kolor\u00f3w czerwonego i bia\u0142ego z\u0142ota, detale z rodowanego bia\u0142ego z\u0142ota. Waga zale\u017cy od wymiar\u00f3w, przy wysoko\u015bci 35mm bez ucha waga bi\u017cuterii wynosi 14,56 grama. Wk\u0142adki, kamienie, \u015brednica 1mm (137szt), 1,8mm (12szt). Kamienie mog\u0105 by\u0107 osadzone dowolnie, na \u017cyczenie klienta.&nbsp;&nbsp;Na przedniej stronie rozsypka kamieni, a w centrum ukrzy\u017cowanie. Tylna strona jest pokryta czarn\u0105&#8230;<\/p>\n","protected":false},"featured_media":46300,"template":"","meta":{"_acf_changed":false},"product_brand":[],"product_cat":[504,506,507,512,513],"product_tag":[],"class_list":{"0":"post-46299","1":"product","2":"type-product","3":"status-publish","4":"has-post-thumbnail","6":"product_cat-golden-crosses-pl","7":"product_cat-crosses-with-stones-pl","8":"product_cat-exclusive-golden-handmade-crosses-pl","9":"product_cat-with-diamonds-pl","10":"product_cat-womens-crosses-pl","12":"first","13":"instock","14":"product-type-simple"},"acf":[],"_links":{"self":[{"href":"https:\/\/zl.jewelry\/pl\/wp-json\/wp\/v2\/product\/46299","targetHints":{"allow":["GET"]}}],"collection":[{"href":"https:\/\/zl.jewelry\/pl\/wp-json\/wp\/v2\/product"}],"about":[{"href":"https:\/\/zl.jewelry\/pl\/wp-json\/wp\/v2\/types\/product"}],"wp:featuredmedia":[{"embeddable":true,"href":"https:\/\/zl.jewelry\/pl\/wp-json\/wp\/v2\/media\/46300"}],"wp:attachment":[{"href":"https:\/\/zl.jewelry\/pl\/wp-json\/wp\/v2\/media?parent=46299"}],"wp:term":[{"taxonomy":"product_brand","embeddable":true,"href":"https:\/\/zl.jewelry\/pl\/wp-json\/wp\/v2\/product_brand?post=46299"},{"taxonomy":"product_cat","embeddable":true,"href":"https:\/\/zl.jewelry\/pl\/wp-json\/wp\/v2\/product_cat?post=46299"},{"taxonomy":"product_tag","embeddable":true,"href":"https:\/\/zl.jewelry\/pl\/wp-json\/wp\/v2\/product_tag?post=46299"}],"curies":[{"name":"wp","href":"https:\/\/api.w.org\/{rel}","templated":true}]}}