{"id":46287,"date":"2025-06-18T10:55:16","date_gmt":"2025-06-18T10:55:16","guid":{"rendered":"https:\/\/zl.jewelry\/product\/rope-muse\/"},"modified":"2025-09-26T18:26:24","modified_gmt":"2025-09-26T18:26:24","slug":"rope-muse","status":"publish","type":"product","link":"https:\/\/zl.jewelry\/pl\/product\/rope-muse\/","title":{"rendered":"Sznur &#8222;Muse&#8221;"},"content":{"rendered":"<p>Sznur jest koloru czarnego z czerwono-z\u0142otymi wstawkami. Zapi\u0119cie to lataj\u0105cy karabi\u0144czyk, z wizerunkiem chrismy po obu stronach, zako\u0144czony napisem &quot;Save and Preserve&quot;. Waga zale\u017cy od \u015brednicy i liczby wk\u0142adek, przy \u015brednicy 4 mm waga z\u0142ota w bi\u017cuterii wynosi 4,86 grama. Wz&oacute;r linki mo\u017ce zosta\u0107 zmieniony na \u017cyczenie klienta.&nbsp;<\/p>\n<p>_x000D_<\/p>\n","protected":false},"excerpt":{"rendered":"<p>Sznur jest koloru czarnego z czerwono-z\u0142otymi wstawkami. Zapi\u0119cie to lataj\u0105cy karabi\u0144czyk, z wizerunkiem chrismy po obu stronach, zako\u0144czony napisem &quot;Save and Preserve&quot;. Waga zale\u017cy od \u015brednicy i liczby wk\u0142adek, przy \u015brednicy 4 mm waga z\u0142ota w bi\u017cuterii wynosi 4,86 grama. Wz&oacute;r linki mo\u017ce zosta\u0107 zmieniony na \u017cyczenie klienta.&nbsp; _x000D_<\/p>\n","protected":false},"featured_media":46288,"template":"","meta":{"_acf_changed":false},"product_brand":[],"product_cat":[497,499,496],"product_tag":[],"class_list":{"0":"post-46287","1":"product","2":"type-product","3":"status-publish","4":"has-post-thumbnail","6":"product_cat-childrens-womens-pl","7":"product_cat-nylon-mens-pl","8":"product_cat-jewelry-laces-pl","10":"first","11":"instock","12":"product-type-simple"},"acf":[],"_links":{"self":[{"href":"https:\/\/zl.jewelry\/pl\/wp-json\/wp\/v2\/product\/46287","targetHints":{"allow":["GET"]}}],"collection":[{"href":"https:\/\/zl.jewelry\/pl\/wp-json\/wp\/v2\/product"}],"about":[{"href":"https:\/\/zl.jewelry\/pl\/wp-json\/wp\/v2\/types\/product"}],"wp:featuredmedia":[{"embeddable":true,"href":"https:\/\/zl.jewelry\/pl\/wp-json\/wp\/v2\/media\/46288"}],"wp:attachment":[{"href":"https:\/\/zl.jewelry\/pl\/wp-json\/wp\/v2\/media?parent=46287"}],"wp:term":[{"taxonomy":"product_brand","embeddable":true,"href":"https:\/\/zl.jewelry\/pl\/wp-json\/wp\/v2\/product_brand?post=46287"},{"taxonomy":"product_cat","embeddable":true,"href":"https:\/\/zl.jewelry\/pl\/wp-json\/wp\/v2\/product_cat?post=46287"},{"taxonomy":"product_tag","embeddable":true,"href":"https:\/\/zl.jewelry\/pl\/wp-json\/wp\/v2\/product_tag?post=46287"}],"curies":[{"name":"wp","href":"https:\/\/api.w.org\/{rel}","templated":true}]}}