{"id":46279,"date":"2025-06-18T10:55:16","date_gmt":"2025-06-18T10:55:16","guid":{"rendered":"https:\/\/zl.jewelry\/product\/orthodox-cross-the-lord-almighty-icon-of-demetrius-of-prilutsky-with-blackening\/"},"modified":"2025-09-26T18:26:23","modified_gmt":"2025-09-26T18:26:23","slug":"orthodox-cross-the-lord-almighty-icon-of-demetrius-of-prilutsky-with-blackening","status":"publish","type":"product","link":"https:\/\/zl.jewelry\/pl\/product\/orthodox-cross-the-lord-almighty-icon-of-demetrius-of-prilutsky-with-blackening\/","title":{"rendered":"Prawos\u0142awny krzy\u017c &#8222;Pan Wszechmog\u0105cy. Ikona Dimitrija Prilutskiego&#8221; z niello"},"content":{"rendered":"<p>Krzy\u017cyk pusty, z czerwonego z\u0142ota z nak\u0142adkami w postaci wizerunk&oacute;w \u015bwi\u0119tych z bia\u0142ego z\u0142ota, pokryty rodem.&nbsp; Wysoko\u015b\u0107 z uszkiem do 70mm, waga przy tej wysoko\u015bci 54,80 grama. Podstawa z czerwonego z\u0142ota, na ko\u0144cach wymodelowana modlitwa.&nbsp; Na uszku z przodu krzy\u017cyk, z ty\u0142u Anio\u0142 Str&oacute;\u017c. Krzy\u017c pokryty niello.<\/p>\n<p>_x000D_<\/p>\n","protected":false},"excerpt":{"rendered":"<p>Krzy\u017cyk pusty, z czerwonego z\u0142ota z nak\u0142adkami w postaci wizerunk&oacute;w \u015bwi\u0119tych z bia\u0142ego z\u0142ota, pokryty rodem.&nbsp; Wysoko\u015b\u0107 z uszkiem do 70mm, waga przy tej wysoko\u015bci 54,80 grama. Podstawa z czerwonego z\u0142ota, na ko\u0144cach wymodelowana modlitwa.&nbsp; Na uszku z przodu krzy\u017cyk, z ty\u0142u Anio\u0142 Str&oacute;\u017c. Krzy\u017c pokryty niello. _x000D_<\/p>\n","protected":false},"featured_media":46280,"template":"","meta":{"_acf_changed":false},"product_brand":[],"product_cat":[504,507,510],"product_tag":[],"class_list":{"0":"post-46279","1":"product","2":"type-product","3":"status-publish","4":"has-post-thumbnail","6":"product_cat-golden-crosses-pl","7":"product_cat-exclusive-golden-handmade-crosses-pl","8":"product_cat-mens-crosses-pl","10":"first","11":"instock","12":"product-type-simple"},"acf":[],"_links":{"self":[{"href":"https:\/\/zl.jewelry\/pl\/wp-json\/wp\/v2\/product\/46279","targetHints":{"allow":["GET"]}}],"collection":[{"href":"https:\/\/zl.jewelry\/pl\/wp-json\/wp\/v2\/product"}],"about":[{"href":"https:\/\/zl.jewelry\/pl\/wp-json\/wp\/v2\/types\/product"}],"wp:featuredmedia":[{"embeddable":true,"href":"https:\/\/zl.jewelry\/pl\/wp-json\/wp\/v2\/media\/46280"}],"wp:attachment":[{"href":"https:\/\/zl.jewelry\/pl\/wp-json\/wp\/v2\/media?parent=46279"}],"wp:term":[{"taxonomy":"product_brand","embeddable":true,"href":"https:\/\/zl.jewelry\/pl\/wp-json\/wp\/v2\/product_brand?post=46279"},{"taxonomy":"product_cat","embeddable":true,"href":"https:\/\/zl.jewelry\/pl\/wp-json\/wp\/v2\/product_cat?post=46279"},{"taxonomy":"product_tag","embeddable":true,"href":"https:\/\/zl.jewelry\/pl\/wp-json\/wp\/v2\/product_tag?post=46279"}],"curies":[{"name":"wp","href":"https:\/\/api.w.org\/{rel}","templated":true}]}}