{"id":46271,"date":"2025-06-18T10:55:16","date_gmt":"2025-06-18T10:55:16","guid":{"rendered":"https:\/\/zl.jewelry\/product\/cross-openwork\/"},"modified":"2025-09-26T18:26:23","modified_gmt":"2025-09-26T18:26:23","slug":"cross-openwork","status":"publish","type":"product","link":"https:\/\/zl.jewelry\/pl\/product\/cross-openwork\/","title":{"rendered":"Krzy\u017c &#8222;A\u017curowy&#8221;"},"content":{"rendered":"<p>Krzy\u017cyk z czerwonego z\u0142ota z nak\u0142adk\u0105 z bia\u0142ego z\u0142ota. Waga jest zgodna z wymiarami, z przybli\u017con\u0105, ca\u0142kowit\u0105 wysoko\u015bci\u0105 krzy\u017ca 51 mm, waga z\u0142ota wynosi 26 gram\u00f3w. Na przedniej stronie s\u0105 zainstalowane kamienie o \u015brednicy 2,00 mm (5 szt.); 1,75 mm (6 szt.), 1,50 (2 szt.), r\u00f3wnie\u017c w \u015brodku jest zainstalowany w formie nak\u0142adki krucyfiks z bia\u0142ego z\u0142ota, kt\u00f3ry jest pokryty rodem. Z ty\u0142u w centrum znajduje si\u0119 napis &quot;Save &#038; Preserve&quot;, kt\u00f3ry jest pokryty czarn\u0105 emali\u0105.<\/p>\n<p>.<\/p>\n","protected":false},"excerpt":{"rendered":"<p>Krzy\u017cyk z czerwonego z\u0142ota z nak\u0142adk\u0105 z bia\u0142ego z\u0142ota. Waga jest zgodna z wymiarami, z przybli\u017con\u0105, ca\u0142kowit\u0105 wysoko\u015bci\u0105 krzy\u017ca 51 mm, waga z\u0142ota wynosi 26 gram\u00f3w. Na przedniej stronie s\u0105 zainstalowane kamienie o \u015brednicy 2,00 mm (5 szt.); 1,75 mm (6 szt.), 1,50 (2 szt.), r\u00f3wnie\u017c w \u015brodku jest zainstalowany w formie nak\u0142adki krucyfiks z&#8230;<\/p>\n","protected":false},"featured_media":46272,"template":"","meta":{"_acf_changed":false},"product_brand":[],"product_cat":[504,506,507,510,512],"product_tag":[],"class_list":{"0":"post-46271","1":"product","2":"type-product","3":"status-publish","4":"has-post-thumbnail","6":"product_cat-golden-crosses-pl","7":"product_cat-crosses-with-stones-pl","8":"product_cat-exclusive-golden-handmade-crosses-pl","9":"product_cat-mens-crosses-pl","10":"product_cat-with-diamonds-pl","12":"first","13":"instock","14":"product-type-simple"},"acf":[],"_links":{"self":[{"href":"https:\/\/zl.jewelry\/pl\/wp-json\/wp\/v2\/product\/46271","targetHints":{"allow":["GET"]}}],"collection":[{"href":"https:\/\/zl.jewelry\/pl\/wp-json\/wp\/v2\/product"}],"about":[{"href":"https:\/\/zl.jewelry\/pl\/wp-json\/wp\/v2\/types\/product"}],"wp:featuredmedia":[{"embeddable":true,"href":"https:\/\/zl.jewelry\/pl\/wp-json\/wp\/v2\/media\/46272"}],"wp:attachment":[{"href":"https:\/\/zl.jewelry\/pl\/wp-json\/wp\/v2\/media?parent=46271"}],"wp:term":[{"taxonomy":"product_brand","embeddable":true,"href":"https:\/\/zl.jewelry\/pl\/wp-json\/wp\/v2\/product_brand?post=46271"},{"taxonomy":"product_cat","embeddable":true,"href":"https:\/\/zl.jewelry\/pl\/wp-json\/wp\/v2\/product_cat?post=46271"},{"taxonomy":"product_tag","embeddable":true,"href":"https:\/\/zl.jewelry\/pl\/wp-json\/wp\/v2\/product_tag?post=46271"}],"curies":[{"name":"wp","href":"https:\/\/api.w.org\/{rel}","templated":true}]}}