{"id":46265,"date":"2025-06-18T10:55:22","date_gmt":"2025-06-18T10:55:22","guid":{"rendered":"https:\/\/zl.jewelry\/product\/necklace-diamond-heart\/"},"modified":"2025-09-26T18:26:30","modified_gmt":"2025-09-26T18:26:30","slug":"necklace-diamond-heart","status":"publish","type":"product","link":"https:\/\/zl.jewelry\/pl\/product\/necklace-diamond-heart\/","title":{"rendered":"Kolia  &#8222;Serce z diament\u00f3w&#8221;"},"content":{"rendered":"<p>Kolia w kszta\u0142cie serca z bia\u0142ego z\u0142ota, rodowana, o wadze 3,98 grama. Diamenty o \u015brednicy 2mm &#8211; 8szt, 1,75mm &#8211; 8szt. D\u0142ugo\u015b\u0107 Koliaa wynosi 45cm.<\/p>\n<p>_x000D_<\/p>\n","protected":false},"excerpt":{"rendered":"<p>Kolia w kszta\u0142cie serca z bia\u0142ego z\u0142ota, rodowana, o wadze 3,98 grama. Diamenty o \u015brednicy 2mm &#8211; 8szt, 1,75mm &#8211; 8szt. D\u0142ugo\u015b\u0107 Koliaa wynosi 45cm. _x000D_<\/p>\n","protected":false},"featured_media":46266,"template":"","meta":{"_acf_changed":false},"product_brand":[],"product_cat":[571,572,574],"product_tag":[],"class_list":{"0":"post-46265","1":"product","2":"type-product","3":"status-publish","4":"has-post-thumbnail","6":"product_cat-exclusive-necklaces-pl","7":"product_cat-necklace-with-diamonds-pl","8":"product_cat-with-rocks-3-pl","10":"first","11":"instock","12":"product-type-simple"},"acf":[],"_links":{"self":[{"href":"https:\/\/zl.jewelry\/pl\/wp-json\/wp\/v2\/product\/46265","targetHints":{"allow":["GET"]}}],"collection":[{"href":"https:\/\/zl.jewelry\/pl\/wp-json\/wp\/v2\/product"}],"about":[{"href":"https:\/\/zl.jewelry\/pl\/wp-json\/wp\/v2\/types\/product"}],"wp:featuredmedia":[{"embeddable":true,"href":"https:\/\/zl.jewelry\/pl\/wp-json\/wp\/v2\/media\/46266"}],"wp:attachment":[{"href":"https:\/\/zl.jewelry\/pl\/wp-json\/wp\/v2\/media?parent=46265"}],"wp:term":[{"taxonomy":"product_brand","embeddable":true,"href":"https:\/\/zl.jewelry\/pl\/wp-json\/wp\/v2\/product_brand?post=46265"},{"taxonomy":"product_cat","embeddable":true,"href":"https:\/\/zl.jewelry\/pl\/wp-json\/wp\/v2\/product_cat?post=46265"},{"taxonomy":"product_tag","embeddable":true,"href":"https:\/\/zl.jewelry\/pl\/wp-json\/wp\/v2\/product_tag?post=46265"}],"curies":[{"name":"wp","href":"https:\/\/api.w.org\/{rel}","templated":true}]}}