{"id":46259,"date":"2025-06-18T10:55:22","date_gmt":"2025-06-18T10:55:22","guid":{"rendered":"https:\/\/zl.jewelry\/product\/cross-sincerity\/"},"modified":"2025-09-26T18:26:29","modified_gmt":"2025-09-26T18:26:29","slug":"cross-sincerity","status":"publish","type":"product","link":"https:\/\/zl.jewelry\/pl\/product\/cross-sincerity\/","title":{"rendered":"Krzy\u017cyk &#8222;Szczero\u015b\u0107&#8221;"},"content":{"rendered":"","protected":false},"excerpt":{"rendered":"","protected":false},"featured_media":35957,"template":"","meta":{"_acf_changed":false},"product_brand":[],"product_cat":[504,506,512,513],"product_tag":[],"class_list":{"0":"post-46259","1":"product","2":"type-product","3":"status-publish","4":"has-post-thumbnail","6":"product_cat-golden-crosses-pl","7":"product_cat-crosses-with-stones-pl","8":"product_cat-with-diamonds-pl","9":"product_cat-womens-crosses-pl","11":"first","12":"instock","13":"product-type-simple"},"acf":[],"_links":{"self":[{"href":"https:\/\/zl.jewelry\/pl\/wp-json\/wp\/v2\/product\/46259","targetHints":{"allow":["GET"]}}],"collection":[{"href":"https:\/\/zl.jewelry\/pl\/wp-json\/wp\/v2\/product"}],"about":[{"href":"https:\/\/zl.jewelry\/pl\/wp-json\/wp\/v2\/types\/product"}],"wp:featuredmedia":[{"embeddable":true,"href":"https:\/\/zl.jewelry\/pl\/wp-json\/wp\/v2\/media\/35957"}],"wp:attachment":[{"href":"https:\/\/zl.jewelry\/pl\/wp-json\/wp\/v2\/media?parent=46259"}],"wp:term":[{"taxonomy":"product_brand","embeddable":true,"href":"https:\/\/zl.jewelry\/pl\/wp-json\/wp\/v2\/product_brand?post=46259"},{"taxonomy":"product_cat","embeddable":true,"href":"https:\/\/zl.jewelry\/pl\/wp-json\/wp\/v2\/product_cat?post=46259"},{"taxonomy":"product_tag","embeddable":true,"href":"https:\/\/zl.jewelry\/pl\/wp-json\/wp\/v2\/product_tag?post=46259"}],"curies":[{"name":"wp","href":"https:\/\/api.w.org\/{rel}","templated":true}]}}