{"id":46255,"date":"2025-06-18T10:55:22","date_gmt":"2025-06-18T10:55:22","guid":{"rendered":"https:\/\/zl.jewelry\/product\/rope-reef\/"},"modified":"2025-09-26T18:26:29","modified_gmt":"2025-09-26T18:26:29","slug":"rope-reef","status":"publish","type":"product","link":"https:\/\/zl.jewelry\/pl\/product\/rope-reef\/","title":{"rendered":"Sznur &#8222;Reef&#8221;"},"content":{"rendered":"<p>Sznur jubilerski z wk\u0142adkami z czerwonego z\u0142ota. Waga jest stosunkiem \u015brednicy sznura do liczby wk\u0142adek. Przy \u015brednicy sznura 6 mm waga z\u0142ota wynosi 20,09 grama. Napisy &quot;Save &#038; Preserve&quot; s\u0105 poczernione na wk\u0142adkach. Zamkni\u0119cie jest okr\u0105g\u0142e z jednym zamkiem.&nbsp;<\/p>\n","protected":false},"excerpt":{"rendered":"<p>Sznur jubilerski z wk\u0142adkami z czerwonego z\u0142ota. Waga jest stosunkiem \u015brednicy sznura do liczby wk\u0142adek. Przy \u015brednicy sznura 6 mm waga z\u0142ota wynosi 20,09 grama. Napisy &quot;Save &#038; Preserve&quot; s\u0105 poczernione na wk\u0142adkach. Zamkni\u0119cie jest okr\u0105g\u0142e z jednym zamkiem.&nbsp;<\/p>\n","protected":false},"featured_media":46256,"template":"","meta":{"_acf_changed":false},"product_brand":[],"product_cat":[496,499],"product_tag":[],"class_list":{"0":"post-46255","1":"product","2":"type-product","3":"status-publish","4":"has-post-thumbnail","6":"product_cat-jewelry-laces-pl","7":"product_cat-nylon-mens-pl","9":"first","10":"instock","11":"product-type-simple"},"acf":[],"_links":{"self":[{"href":"https:\/\/zl.jewelry\/pl\/wp-json\/wp\/v2\/product\/46255","targetHints":{"allow":["GET"]}}],"collection":[{"href":"https:\/\/zl.jewelry\/pl\/wp-json\/wp\/v2\/product"}],"about":[{"href":"https:\/\/zl.jewelry\/pl\/wp-json\/wp\/v2\/types\/product"}],"wp:featuredmedia":[{"embeddable":true,"href":"https:\/\/zl.jewelry\/pl\/wp-json\/wp\/v2\/media\/46256"}],"wp:attachment":[{"href":"https:\/\/zl.jewelry\/pl\/wp-json\/wp\/v2\/media?parent=46255"}],"wp:term":[{"taxonomy":"product_brand","embeddable":true,"href":"https:\/\/zl.jewelry\/pl\/wp-json\/wp\/v2\/product_brand?post=46255"},{"taxonomy":"product_cat","embeddable":true,"href":"https:\/\/zl.jewelry\/pl\/wp-json\/wp\/v2\/product_cat?post=46255"},{"taxonomy":"product_tag","embeddable":true,"href":"https:\/\/zl.jewelry\/pl\/wp-json\/wp\/v2\/product_tag?post=46255"}],"curies":[{"name":"wp","href":"https:\/\/api.w.org\/{rel}","templated":true}]}}