{"id":46249,"date":"2025-06-18T10:55:22","date_gmt":"2025-06-18T10:55:22","guid":{"rendered":"https:\/\/zl.jewelry\/product\/rope-grinner\/"},"modified":"2025-09-26T18:26:29","modified_gmt":"2025-09-26T18:26:29","slug":"rope-grinner","status":"publish","type":"product","link":"https:\/\/zl.jewelry\/pl\/product\/rope-grinner\/","title":{"rendered":"Sznur &#8222;Grinner&#8221;"},"content":{"rendered":"<p>Sznur jest koloru czarnego i ma czerwone z\u0142ote wstawki. Zamek to okr\u0105g\u0142e pude\u0142ko z jednym urz\u0105dzeniem blokuj\u0105cym i ko\u0144cami. Napis znajduje si\u0119 na wk\u0142adkach i ko\u0144cach &quot;Save and Preserve&quot;, obszar&nbsp; kt\u00f3ry jest pokryty niello.&nbsp; Waga zale\u017cy od \u015brednicy i liczby wk\u0142adek, przy \u015brednicy liny 6 mm, waga z\u0142ota w bi\u017cuterii wynosi 15,34 grama. Wz\u00f3r mo\u017ce by\u0107 zmieniony zgodnie z \u017cyczeniem klienta.<\/p>\n","protected":false},"excerpt":{"rendered":"<p>Sznur jest koloru czarnego i ma czerwone z\u0142ote wstawki. Zamek to okr\u0105g\u0142e pude\u0142ko z jednym urz\u0105dzeniem blokuj\u0105cym i ko\u0144cami. Napis znajduje si\u0119 na wk\u0142adkach i ko\u0144cach &quot;Save and Preserve&quot;, obszar&nbsp; kt\u00f3ry jest pokryty niello.&nbsp; Waga zale\u017cy od \u015brednicy i liczby wk\u0142adek, przy \u015brednicy liny 6 mm, waga z\u0142ota w bi\u017cuterii wynosi 15,34 grama. Wz\u00f3r mo\u017ce&#8230;<\/p>\n","protected":false},"featured_media":46250,"template":"","meta":{"_acf_changed":false},"product_brand":[],"product_cat":[496,499],"product_tag":[],"class_list":{"0":"post-46249","1":"product","2":"type-product","3":"status-publish","4":"has-post-thumbnail","6":"product_cat-jewelry-laces-pl","7":"product_cat-nylon-mens-pl","9":"first","10":"instock","11":"product-type-simple"},"acf":[],"_links":{"self":[{"href":"https:\/\/zl.jewelry\/pl\/wp-json\/wp\/v2\/product\/46249","targetHints":{"allow":["GET"]}}],"collection":[{"href":"https:\/\/zl.jewelry\/pl\/wp-json\/wp\/v2\/product"}],"about":[{"href":"https:\/\/zl.jewelry\/pl\/wp-json\/wp\/v2\/types\/product"}],"wp:featuredmedia":[{"embeddable":true,"href":"https:\/\/zl.jewelry\/pl\/wp-json\/wp\/v2\/media\/46250"}],"wp:attachment":[{"href":"https:\/\/zl.jewelry\/pl\/wp-json\/wp\/v2\/media?parent=46249"}],"wp:term":[{"taxonomy":"product_brand","embeddable":true,"href":"https:\/\/zl.jewelry\/pl\/wp-json\/wp\/v2\/product_brand?post=46249"},{"taxonomy":"product_cat","embeddable":true,"href":"https:\/\/zl.jewelry\/pl\/wp-json\/wp\/v2\/product_cat?post=46249"},{"taxonomy":"product_tag","embeddable":true,"href":"https:\/\/zl.jewelry\/pl\/wp-json\/wp\/v2\/product_tag?post=46249"}],"curies":[{"name":"wp","href":"https:\/\/api.w.org\/{rel}","templated":true}]}}