{"id":46241,"date":"2025-06-18T10:55:22","date_gmt":"2025-06-18T10:55:22","guid":{"rendered":"https:\/\/zl.jewelry\/product\/rope-hieroglyphs\/"},"modified":"2025-09-26T18:26:28","modified_gmt":"2025-09-26T18:26:28","slug":"rope-hieroglyphs","status":"publish","type":"product","link":"https:\/\/zl.jewelry\/pl\/product\/rope-hieroglyphs\/","title":{"rendered":"Sznur &#8222;Hieroglify&#8221;"},"content":{"rendered":"<p>Sznur jest czarny, ze wstawkami z cytrynowego z\u0142ota.&nbsp; Na wstawkach i elementach ko\u0144cowych w \u015brodku umieszczone s\u0105 napisy zgodnie z \u017cyczeniem klienta, powierzchnia pokryta jest niello. Zamek jest pude\u0142kiem o okr\u0105g\u0142ym kszta\u0142cie i z jednym zamkiem. Waga z\u0142ota zale\u017cy od \u015brednicy i liczby wk\u0142adek, przy \u015brednicy 6 mm waga z\u0142ota wynosi 14,70 grama. Wz\u00f3r mo\u017ce zosta\u0107 zmieniony na \u017cyczenie klienta.&nbsp;<\/p>\n","protected":false},"excerpt":{"rendered":"<p>Sznur jest czarny, ze wstawkami z cytrynowego z\u0142ota.&nbsp; Na wstawkach i elementach ko\u0144cowych w \u015brodku umieszczone s\u0105 napisy zgodnie z \u017cyczeniem klienta, powierzchnia pokryta jest niello. Zamek jest pude\u0142kiem o okr\u0105g\u0142ym kszta\u0142cie i z jednym zamkiem. Waga z\u0142ota zale\u017cy od \u015brednicy i liczby wk\u0142adek, przy \u015brednicy 6 mm waga z\u0142ota wynosi 14,70 grama. Wz\u00f3r mo\u017ce&#8230;<\/p>\n","protected":false},"featured_media":46242,"template":"","meta":{"_acf_changed":false},"product_brand":[],"product_cat":[496,499],"product_tag":[],"class_list":{"0":"post-46241","1":"product","2":"type-product","3":"status-publish","4":"has-post-thumbnail","6":"product_cat-jewelry-laces-pl","7":"product_cat-nylon-mens-pl","9":"first","10":"instock","11":"product-type-simple"},"acf":[],"_links":{"self":[{"href":"https:\/\/zl.jewelry\/pl\/wp-json\/wp\/v2\/product\/46241","targetHints":{"allow":["GET"]}}],"collection":[{"href":"https:\/\/zl.jewelry\/pl\/wp-json\/wp\/v2\/product"}],"about":[{"href":"https:\/\/zl.jewelry\/pl\/wp-json\/wp\/v2\/types\/product"}],"wp:featuredmedia":[{"embeddable":true,"href":"https:\/\/zl.jewelry\/pl\/wp-json\/wp\/v2\/media\/46242"}],"wp:attachment":[{"href":"https:\/\/zl.jewelry\/pl\/wp-json\/wp\/v2\/media?parent=46241"}],"wp:term":[{"taxonomy":"product_brand","embeddable":true,"href":"https:\/\/zl.jewelry\/pl\/wp-json\/wp\/v2\/product_brand?post=46241"},{"taxonomy":"product_cat","embeddable":true,"href":"https:\/\/zl.jewelry\/pl\/wp-json\/wp\/v2\/product_cat?post=46241"},{"taxonomy":"product_tag","embeddable":true,"href":"https:\/\/zl.jewelry\/pl\/wp-json\/wp\/v2\/product_tag?post=46241"}],"curies":[{"name":"wp","href":"https:\/\/api.w.org\/{rel}","templated":true}]}}