{"id":46239,"date":"2025-06-18T10:55:22","date_gmt":"2025-06-18T10:55:22","guid":{"rendered":"https:\/\/zl.jewelry\/product\/bracelet-encrypted-symbols\/"},"modified":"2025-09-26T18:26:28","modified_gmt":"2025-09-26T18:26:28","slug":"bracelet-encrypted-symbols","status":"publish","type":"product","link":"https:\/\/zl.jewelry\/pl\/product\/bracelet-encrypted-symbols\/","title":{"rendered":"Bransoletka &#8222;Zaszyfrowane symbole&#8221;"},"content":{"rendered":"<p>Bransoletka ze sk&oacute;ry ze z\u0142otymi wstawkami. Waga z\u0142ota zale\u017cy od rozmiaru, przy rozmiarze 23 waga z\u0142ota wynosi 21,12 grama. Inkrustacje z czerwonego z\u0142ota z wizerunkiem podkowy; ryby; AUDI; drzewa i niesko\u0144czono\u015bci.&nbsp; Lock-box, okr\u0105g\u0142y kszta\u0142t, z jednym zamkiem, na zamku napis &quot;Bubka&quot;.&nbsp; Bransoletka pokryta jest niello. \u015arednica sk&oacute;ry wynosi 6,7 mm.<\/p>\n<p>_x000D_<\/p>\n","protected":false},"excerpt":{"rendered":"<p>Bransoletka ze sk&oacute;ry ze z\u0142otymi wstawkami. Waga z\u0142ota zale\u017cy od rozmiaru, przy rozmiarze 23 waga z\u0142ota wynosi 21,12 grama. Inkrustacje z czerwonego z\u0142ota z wizerunkiem podkowy; ryby; AUDI; drzewa i niesko\u0144czono\u015bci.&nbsp; Lock-box, okr\u0105g\u0142y kszta\u0142t, z jednym zamkiem, na zamku napis &quot;Bubka&quot;.&nbsp; Bransoletka pokryta jest niello. \u015arednica sk&oacute;ry wynosi 6,7 mm. _x000D_<\/p>\n","protected":false},"featured_media":46240,"template":"","meta":{"_acf_changed":false},"product_brand":[],"product_cat":[557,561,560],"product_tag":[],"class_list":{"0":"post-46239","1":"product","2":"type-product","3":"status-publish","4":"has-post-thumbnail","6":"product_cat-bracelets-pl","7":"product_cat-leather-bracelets-with-gold-inserts-pl","8":"product_cat-gold-bracelets-up-to-30-gr-pl","10":"first","11":"instock","12":"product-type-simple"},"acf":[],"_links":{"self":[{"href":"https:\/\/zl.jewelry\/pl\/wp-json\/wp\/v2\/product\/46239","targetHints":{"allow":["GET"]}}],"collection":[{"href":"https:\/\/zl.jewelry\/pl\/wp-json\/wp\/v2\/product"}],"about":[{"href":"https:\/\/zl.jewelry\/pl\/wp-json\/wp\/v2\/types\/product"}],"wp:featuredmedia":[{"embeddable":true,"href":"https:\/\/zl.jewelry\/pl\/wp-json\/wp\/v2\/media\/46240"}],"wp:attachment":[{"href":"https:\/\/zl.jewelry\/pl\/wp-json\/wp\/v2\/media?parent=46239"}],"wp:term":[{"taxonomy":"product_brand","embeddable":true,"href":"https:\/\/zl.jewelry\/pl\/wp-json\/wp\/v2\/product_brand?post=46239"},{"taxonomy":"product_cat","embeddable":true,"href":"https:\/\/zl.jewelry\/pl\/wp-json\/wp\/v2\/product_cat?post=46239"},{"taxonomy":"product_tag","embeddable":true,"href":"https:\/\/zl.jewelry\/pl\/wp-json\/wp\/v2\/product_tag?post=46239"}],"curies":[{"name":"wp","href":"https:\/\/api.w.org\/{rel}","templated":true}]}}