{"id":46237,"date":"2025-06-18T10:55:22","date_gmt":"2025-06-18T10:55:22","guid":{"rendered":"https:\/\/zl.jewelry\/product\/rope-omega\/"},"modified":"2025-09-26T18:26:27","modified_gmt":"2025-09-26T18:26:27","slug":"rope-omega","status":"publish","type":"product","link":"https:\/\/zl.jewelry\/pl\/product\/rope-omega\/","title":{"rendered":"Sznur &#8222;Omega&#8221;"},"content":{"rendered":"<p>Sznur jest koloru czarnego, z zamkiem i ko\u0144cami. Zamek jest skrzynkowy, z jednym zamkiem. Ko\u0144c&oacute;wki s\u0105 oznakowane napisem zgodnie z \u017cyczeniem klienta, kt&oacute;rego powierzchnia jest pokryta czernieniem. Waga zale\u017cy od \u015brednicy i ilo\u015bci wk\u0142adek, przy \u015brednicy sznura&nbsp;&nbsp;6 mm, waga z\u0142ota w sznurze wynosi 10,05 grama. Wz&oacute;r bi\u017cuterii mo\u017ce zosta\u0107 zmieniony na \u017cyczenie klienta.&nbsp;<\/p>\n<p>_x000D_<\/p>\n","protected":false},"excerpt":{"rendered":"<p>Sznur jest koloru czarnego, z zamkiem i ko\u0144cami. Zamek jest skrzynkowy, z jednym zamkiem. Ko\u0144c&oacute;wki s\u0105 oznakowane napisem zgodnie z \u017cyczeniem klienta, kt&oacute;rego powierzchnia jest pokryta czernieniem. Waga zale\u017cy od \u015brednicy i ilo\u015bci wk\u0142adek, przy \u015brednicy sznura&nbsp;&nbsp;6 mm, waga z\u0142ota w sznurze wynosi 10,05 grama. Wz&oacute;r bi\u017cuterii mo\u017ce zosta\u0107 zmieniony na \u017cyczenie klienta.&nbsp; _x000D_<\/p>\n","protected":false},"featured_media":46238,"template":"","meta":{"_acf_changed":false},"product_brand":[],"product_cat":[499,496],"product_tag":[],"class_list":{"0":"post-46237","1":"product","2":"type-product","3":"status-publish","4":"has-post-thumbnail","6":"product_cat-nylon-mens-pl","7":"product_cat-jewelry-laces-pl","9":"first","10":"instock","11":"product-type-simple"},"acf":[],"_links":{"self":[{"href":"https:\/\/zl.jewelry\/pl\/wp-json\/wp\/v2\/product\/46237","targetHints":{"allow":["GET"]}}],"collection":[{"href":"https:\/\/zl.jewelry\/pl\/wp-json\/wp\/v2\/product"}],"about":[{"href":"https:\/\/zl.jewelry\/pl\/wp-json\/wp\/v2\/types\/product"}],"wp:featuredmedia":[{"embeddable":true,"href":"https:\/\/zl.jewelry\/pl\/wp-json\/wp\/v2\/media\/46238"}],"wp:attachment":[{"href":"https:\/\/zl.jewelry\/pl\/wp-json\/wp\/v2\/media?parent=46237"}],"wp:term":[{"taxonomy":"product_brand","embeddable":true,"href":"https:\/\/zl.jewelry\/pl\/wp-json\/wp\/v2\/product_brand?post=46237"},{"taxonomy":"product_cat","embeddable":true,"href":"https:\/\/zl.jewelry\/pl\/wp-json\/wp\/v2\/product_cat?post=46237"},{"taxonomy":"product_tag","embeddable":true,"href":"https:\/\/zl.jewelry\/pl\/wp-json\/wp\/v2\/product_tag?post=46237"}],"curies":[{"name":"wp","href":"https:\/\/api.w.org\/{rel}","templated":true}]}}